{"id":23,"date":"2020-08-10T16:44:46","date_gmt":"2020-08-10T16:44:46","guid":{"rendered":"https:\/\/eoecars.ie\/en\/?page_id=23"},"modified":"2025-01-22T21:58:16","modified_gmt":"2025-01-22T21:58:16","slug":"about-eoe-cars","status":"publish","type":"page","link":"https:\/\/eoecars.ie\/en\/about-eoe-cars\/","title":{"rendered":"About EOE Cars"},"content":{"rendered":"<p><\/p>\n<p>[vc_row][vc_column][vc_column_text]<\/p>\n<h2>Our vision<\/h2>\n<p>Here at EOE Cars we work with each client individually when finding a car or van with requested specifications of car, when car is being imported from UK as per client order. Also we have wide range of cars in stock in Edworthtown, Co. Longford &#8211; any inspections and test drives are welcome, give us a call to arrange a meeting. We aim to find 99% requested specification, rather its Engine Size, Colour, Interior or exterior extras.<\/p>\n<p>We work for client satisfaction, so all cars are prepared to the highest standard to make you feel you drive with new car, ether it is young or older.<\/p>\n<p>We make sure that our deal is correct and the car is provided with NCT and valeted inside out, if the deal is such.<\/p>\n<p><a href=\"https:\/\/eoecars.ie\/wp-content\/uploads\/2020\/09\/signature-new.jpg\"><img loading=\"lazy\" decoding=\"async\" class=\"alignnone size-full wp-image-355\" src=\"https:\/\/eoecars.ie\/wp-content\/uploads\/2020\/09\/signature-new.jpg\" alt=\"Eriks Kokorits EOE Cars CEO\" width=\"234\" height=\"64\" \/><\/a><br \/>\nEriks Kokorits<br \/>\nCEO of EOE Cars[\/vc_column_text][vc_separator][vc_column_text]<\/p>\n<h4>Frequently asked questions<\/h4>\n<p>[\/vc_column_text][vc_tta_accordion][vc_tta_section title=&#8221;Is there a warranty given?&#8221; tab_id=&#8221;warranty&#8221;][vc_column_text]Warranty is 3 month for cars up to 10 years of age. Cars not older then 3 years maybe offered of up to 1 year warranty with mileage Terms &amp; Conditions. Cars older then 10 years (E.g. Trade-ins) are sold as is with out any warranty.[\/vc_column_text][\/vc_tta_section][vc_tta_section title=&#8221;Will you take my old car?&#8221; tab_id=&#8221;tradein&#8221;][vc_column_text]Trade ins are welcome. Each offered car will be priced individually, depending on its conditions, mileage, make and model.[\/vc_column_text][\/vc_tta_section][vc_tta_section title=&#8221;Do we do finiance?&#8221; tab_id=&#8221;finance&#8221;][vc_column_text]Please navigate to Finance section of our website. The provided calcualtor is for display purpose only. The real offer can be given when each individual case is looked into. We suggest use Credit Union as they have good interest rate.[\/vc_column_text][\/vc_tta_section][vc_tta_section title=&#8221;How long time takes importing of car from UK?&#8221; tab_id=&#8221;time-of-import&#8221;][vc_column_text]Times vary. It depends of your request. The quickest we have done is 3 days.[\/vc_column_text][\/vc_tta_section][vc_tta_section title=&#8221;Section&#8221; tab_id=&#8221;1601411239013-fb5bac66-10ab&#8221;][\/vc_tta_section][\/vc_tta_accordion][\/vc_column][\/vc_row][vc_row css=&#8221;.vc_custom_1600344293685{margin-top: 50px !important;margin-bottom: 50px !important;}&#8221;][vc_column][vc_separator][\/vc_column][\/vc_row]<\/p>\n<p><\/p>","protected":false},"excerpt":{"rendered":"<p>[vc_row][vc_column][vc_column_text] Our vision Here at EOE Cars we work with each client individually when finding a car or van with requested specifications of car, when car is being imported from UK as per client order. Also we have wide range of cars in stock in Edworthtown, Co. Longford &#8211; any&hellip; <\/p>\n<p class=\"link-more\"><a href=\"https:\/\/eoecars.ie\/en\/about-eoe-cars\/\" class=\"more-link\">Read More<span class=\"screen-reader-text\">About EOE Cars<\/span><\/a><\/p>\n","protected":false},"author":1,"featured_media":0,"parent":0,"menu_order":0,"comment_status":"closed","ping_status":"closed","template":"","meta":{"footnotes":""},"class_list":["post-23","page","type-page","status-publish","hentry"],"yoast_head":"<!-- This site is optimized with the Yoast SEO plugin v24.3 - https:\/\/yoast.com\/wordpress\/plugins\/seo\/ -->\n<title>About EOE Cars - EOE Cars - UK Car imports, Used car sales Ireland, Longford, Westmeath, Midlands<\/title>\n<meta name=\"description\" content=\"EOE Cars Edgeworthstown, Longford Established in 2015 Car and van sales Mostly from the UK. We give Warranty and can help with Finance. The Free delivery in all Ireland available.\" \/>\n<meta name=\"robots\" content=\"index, follow, max-snippet:-1, max-image-preview:large, max-video-preview:-1\" \/>\n<link rel=\"canonical\" href=\"https:\/\/eoecars.ie\/en\/about-eoe-cars\/\" \/>\n<meta property=\"og:locale\" content=\"en_GB\" \/>\n<meta property=\"og:type\" content=\"article\" \/>\n<meta property=\"og:title\" content=\"About EOE Cars - EOE Cars - UK Car imports, Used car sales Ireland, Longford, Westmeath, Midlands\" \/>\n<meta property=\"og:description\" content=\"{:en}EOE Cars Edgeworthstown, Longford Established in 2015 Car and van sales Mostly from the UK. We give Warranty and can help with Finance. The Free delivery in all Ireland available.{:lv}EOE Cars Edgeworthstown, Longford str\u0101d\u0101jam kop\u0161 2015. gad\u0101 Automa\u0161\u012bnu un mikroautobusu tirdzniec\u012bba galvenok\u0101rt import\u0113tas no Lielbrit\u0101nijas. M\u016bsu auto ir ar garantiju (ir noteikumi) K\u0101 ar\u012b varam pal\u012bdz\u0113t ar finans\u0113jumu. Pieejama bezmaksas pieg\u0101de vis\u0101 \u012arij\u0101.EOE Cars Edgeworthstown, Longford str\u0101d\u0101jam kop\u0161 2015. gad\u0101 Automa\u0161\u012bnu un mikroautobusu tirdzniec\u012bba galvenok\u0101rt import\u0113tas no Lielbrit\u0101nijas. M\u016bsu auto ir ar garantiju (ir noteikumi) K\u0101 ar\u012b varam pal\u012bdz\u0113t ar finans\u0113jumu. Pieejama bezmaksas pieg\u0101de vis\u0101 \u012arij\u0101.{:ru}EOE Cars Edgeworthstown Longford \u0440\u0430\u0431\u043e\u0442\u0430\u0435\u0442 \u0441 2015 \u0433\u043e\u0434\u0430. \u041f\u0440\u043e\u0434\u0430\u0436\u0438 \u0430\u0432\u0442\u043e\u043c\u043e\u0431\u0438\u043b\u0435\u0439 \u0438 \u043c\u0438\u043a\u0440\u043e\u0430\u0432\u0442\u043e\u0431\u0443\u0441\u043e\u0432 \u0432 \u043e\u0441\u043d\u043e\u0432\u043d\u043e\u043c \u0438\u043c\u043f\u043e\u0440\u0442\u0438\u0440\u0443\u044e\u0442\u0441\u044f \u0438\u0437 \u0412\u0435\u043b\u0438\u043a\u043e\u0431\u0440\u0438\u0442\u0430\u043d\u0438\u0438. \u041d\u0430 \u043d\u0430\u0448\u0443 \u043c\u0430\u0448\u0438\u043d\u0443 \u0435\u0441\u0442\u044c \u0433\u0430\u0440\u0430\u043d\u0442\u0438\u044f (\u0435\u0441\u0442\u044c \u043f\u0440\u0430\u0432\u0438\u043b\u0430) \u0422\u0430\u043a\u0436\u0435 \u043c\u043e\u0436\u0435\u043c \u043f\u043e\u043c\u043e\u0447\u044c \u0441 \u0444\u0438\u043d\u0430\u043d\u0441\u0438\u0440\u043e\u0432\u0430\u043d\u0438\u0435\u043c. \u0411\u0435\u0441\u043f\u043b\u0430\u0442\u043d\u0430\u044f \u0434\u043e\u0441\u0442\u0430\u0432\u043a\u0430 \u043f\u043e \u0432\u0441\u0435\u0439 \u0418\u0440\u043b\u0430\u043d\u0434\u0438\u0438.EOE Cars Edgeworthstown Longford \u0440\u0430\u0431\u043e\u0442\u0430\u0435\u0442 \u0441 2015 \u0433\u043e\u0434\u0430. \u041f\u0440\u043e\u0434\u0430\u0436\u0438 \u0430\u0432\u0442\u043e\u043c\u043e\u0431\u0438\u043b\u0435\u0439 \u0438 \u043c\u0438\u043a\u0440\u043e\u0430\u0432\u0442\u043e\u0431\u0443\u0441\u043e\u0432 \u0432 \u043e\u0441\u043d\u043e\u0432\u043d\u043e\u043c \u0438\u043c\u043f\u043e\u0440\u0442\u0438\u0440\u0443\u044e\u0442\u0441\u044f \u0438\u0437 \u0412\u0435\u043b\u0438\u043a\u043e\u0431\u0440\u0438\u0442\u0430\u043d\u0438\u0438. \u041d\u0430 \u043d\u0430\u0448\u0443 \u043c\u0430\u0448\u0438\u043d\u0443 \u0435\u0441\u0442\u044c \u0433\u0430\u0440\u0430\u043d\u0442\u0438\u044f (\u0435\u0441\u0442\u044c \u043f\u0440\u0430\u0432\u0438\u043b\u0430) \u0422\u0430\u043a\u0436\u0435 \u043c\u043e\u0436\u0435\u043c \u043f\u043e\u043c\u043e\u0447\u044c \u0441 \u0444\u0438\u043d\u0430\u043d\u0441\u0438\u0440\u043e\u0432\u0430\u043d\u0438\u0435\u043c. \u0411\u0435\u0441\u043f\u043b\u0430\u0442\u043d\u0430\u044f \u0434\u043e\u0441\u0442\u0430\u0432\u043a\u0430 \u043f\u043e \u0432\u0441\u0435\u0439 \u0418\u0440\u043b\u0430\u043d\u0434\u0438\u0438.{:}\" \/>\n<meta property=\"og:url\" content=\"https:\/\/eoecars.ie\/en\/about-eoe-cars\/\" \/>\n<meta property=\"og:site_name\" content=\"EOE Cars - UK Car imports, Used car sales Ireland, Longford, Westmeath, Midlands\" \/>\n<meta property=\"article:publisher\" content=\"https:\/\/www.facebook.com\/eoecars\/\" \/>\n<meta property=\"article:modified_time\" content=\"2025-01-22T21:58:16+00:00\" \/>\n<meta property=\"og:image\" content=\"https:\/\/eoecars.ie\/wp-content\/uploads\/2020\/09\/eoe-cars-audi-Custom.jpg\" \/>\n\t<meta property=\"og:image:width\" content=\"1000\" \/>\n\t<meta property=\"og:image:height\" content=\"667\" \/>\n\t<meta property=\"og:image:type\" content=\"image\/jpeg\" \/>\n<meta name=\"twitter:card\" content=\"summary_large_image\" \/>\n<meta name=\"twitter:image\" content=\"https:\/\/eoecars.ie\/wp-content\/uploads\/2020\/09\/eoe-cars-audi-Custom.jpg\" \/>\n<meta name=\"twitter:label1\" content=\"Estimated reading time\" \/>\n\t<meta name=\"twitter:data1\" content=\"5 minutes\" \/>\n<script type=\"application\/ld+json\" class=\"yoast-schema-graph\">{\"@context\":\"https:\/\/schema.org\",\"@graph\":[{\"@type\":[\"WebPage\",\"AboutPage\"],\"@id\":\"https:\/\/eoecars.ie\/en\/about-eoe-cars\/\",\"url\":\"https:\/\/eoecars.ie\/en\/about-eoe-cars\/\",\"name\":\"About EOE Cars - EOE Cars - UK Car imports, Used car sales Ireland, Longford, Westmeath, Midlands\",\"isPartOf\":{\"@id\":\"https:\/\/eoecars.ie\/en\/#website\"},\"primaryImageOfPage\":{\"@id\":\"https:\/\/eoecars.ie\/en\/about-eoe-cars\/#primaryimage\"},\"image\":{\"@id\":\"https:\/\/eoecars.ie\/en\/about-eoe-cars\/#primaryimage\"},\"thumbnailUrl\":\"https:\/\/eoecars.ie\/wp-content\/uploads\/2020\/09\/signature-new.jpg\",\"datePublished\":\"2020-08-10T16:44:46+00:00\",\"dateModified\":\"2025-01-22T21:58:16+00:00\",\"description\":\"{:en}EOE Cars Edgeworthstown, Longford Established in 2015 Car and van sales Mostly from the UK. We give Warranty and can help with Finance. The Free delivery in all Ireland available.{:lv}EOE Cars Edgeworthstown, Longford str\u0101d\u0101jam kop\u0161 2015. gad\u0101 Automa\u0161\u012bnu un mikroautobusu tirdzniec\u012bba galvenok\u0101rt import\u0113tas no Lielbrit\u0101nijas. M\u016bsu auto ir ar garantiju (ir noteikumi) K\u0101 ar\u012b varam pal\u012bdz\u0113t ar finans\u0113jumu. Pieejama bezmaksas pieg\u0101de vis\u0101 \u012arij\u0101.EOE Cars Edgeworthstown, Longford str\u0101d\u0101jam kop\u0161 2015. gad\u0101 Automa\u0161\u012bnu un mikroautobusu tirdzniec\u012bba galvenok\u0101rt import\u0113tas no Lielbrit\u0101nijas. M\u016bsu auto ir ar garantiju (ir noteikumi) K\u0101 ar\u012b varam pal\u012bdz\u0113t ar finans\u0113jumu. Pieejama bezmaksas pieg\u0101de vis\u0101 \u012arij\u0101.{:ru}EOE Cars Edgeworthstown Longford \u0440\u0430\u0431\u043e\u0442\u0430\u0435\u0442 \u0441 2015 \u0433\u043e\u0434\u0430. \u041f\u0440\u043e\u0434\u0430\u0436\u0438 \u0430\u0432\u0442\u043e\u043c\u043e\u0431\u0438\u043b\u0435\u0439 \u0438 \u043c\u0438\u043a\u0440\u043e\u0430\u0432\u0442\u043e\u0431\u0443\u0441\u043e\u0432 \u0432 \u043e\u0441\u043d\u043e\u0432\u043d\u043e\u043c \u0438\u043c\u043f\u043e\u0440\u0442\u0438\u0440\u0443\u044e\u0442\u0441\u044f \u0438\u0437 \u0412\u0435\u043b\u0438\u043a\u043e\u0431\u0440\u0438\u0442\u0430\u043d\u0438\u0438. \u041d\u0430 \u043d\u0430\u0448\u0443 \u043c\u0430\u0448\u0438\u043d\u0443 \u0435\u0441\u0442\u044c \u0433\u0430\u0440\u0430\u043d\u0442\u0438\u044f (\u0435\u0441\u0442\u044c \u043f\u0440\u0430\u0432\u0438\u043b\u0430) \u0422\u0430\u043a\u0436\u0435 \u043c\u043e\u0436\u0435\u043c \u043f\u043e\u043c\u043e\u0447\u044c \u0441 \u0444\u0438\u043d\u0430\u043d\u0441\u0438\u0440\u043e\u0432\u0430\u043d\u0438\u0435\u043c. \u0411\u0435\u0441\u043f\u043b\u0430\u0442\u043d\u0430\u044f \u0434\u043e\u0441\u0442\u0430\u0432\u043a\u0430 \u043f\u043e \u0432\u0441\u0435\u0439 \u0418\u0440\u043b\u0430\u043d\u0434\u0438\u0438.EOE Cars Edgeworthstown Longford \u0440\u0430\u0431\u043e\u0442\u0430\u0435\u0442 \u0441 2015 \u0433\u043e\u0434\u0430. \u041f\u0440\u043e\u0434\u0430\u0436\u0438 \u0430\u0432\u0442\u043e\u043c\u043e\u0431\u0438\u043b\u0435\u0439 \u0438 \u043c\u0438\u043a\u0440\u043e\u0430\u0432\u0442\u043e\u0431\u0443\u0441\u043e\u0432 \u0432 \u043e\u0441\u043d\u043e\u0432\u043d\u043e\u043c \u0438\u043c\u043f\u043e\u0440\u0442\u0438\u0440\u0443\u044e\u0442\u0441\u044f \u0438\u0437 \u0412\u0435\u043b\u0438\u043a\u043e\u0431\u0440\u0438\u0442\u0430\u043d\u0438\u0438. \u041d\u0430 \u043d\u0430\u0448\u0443 \u043c\u0430\u0448\u0438\u043d\u0443 \u0435\u0441\u0442\u044c \u0433\u0430\u0440\u0430\u043d\u0442\u0438\u044f (\u0435\u0441\u0442\u044c \u043f\u0440\u0430\u0432\u0438\u043b\u0430) \u0422\u0430\u043a\u0436\u0435 \u043c\u043e\u0436\u0435\u043c \u043f\u043e\u043c\u043e\u0447\u044c \u0441 \u0444\u0438\u043d\u0430\u043d\u0441\u0438\u0440\u043e\u0432\u0430\u043d\u0438\u0435\u043c. \u0411\u0435\u0441\u043f\u043b\u0430\u0442\u043d\u0430\u044f \u0434\u043e\u0441\u0442\u0430\u0432\u043a\u0430 \u043f\u043e \u0432\u0441\u0435\u0439 \u0418\u0440\u043b\u0430\u043d\u0434\u0438\u0438.{:}\",\"breadcrumb\":{\"@id\":\"https:\/\/eoecars.ie\/en\/about-eoe-cars\/#breadcrumb\"},\"inLanguage\":\"en-GB\",\"potentialAction\":[{\"@type\":\"ReadAction\",\"target\":[\"https:\/\/eoecars.ie\/en\/about-eoe-cars\/\"]}]},{\"@type\":\"ImageObject\",\"inLanguage\":\"en-GB\",\"@id\":\"https:\/\/eoecars.ie\/en\/about-eoe-cars\/#primaryimage\",\"url\":\"https:\/\/eoecars.ie\/wp-content\/uploads\/2020\/09\/signature-new.jpg\",\"contentUrl\":\"https:\/\/eoecars.ie\/wp-content\/uploads\/2020\/09\/signature-new.jpg\"},{\"@type\":\"BreadcrumbList\",\"@id\":\"https:\/\/eoecars.ie\/en\/about-eoe-cars\/#breadcrumb\",\"itemListElement\":[{\"@type\":\"ListItem\",\"position\":1,\"name\":\"Home\",\"item\":\"https:\/\/eoecars.ie\/en\/\"},{\"@type\":\"ListItem\",\"position\":2,\"name\":\"About EOE Cars\"}]},{\"@type\":\"WebSite\",\"@id\":\"https:\/\/eoecars.ie\/en\/#website\",\"url\":\"https:\/\/eoecars.ie\/en\/\",\"name\":\"EOE Cars - UK Car imports, Used car sales Ireland, Longford, Westmeath, Midlands\",\"description\":\"Used cars Ireland, Longford, Westmeath, Edworthtown\",\"publisher\":{\"@id\":\"https:\/\/eoecars.ie\/en\/#organization\"},\"potentialAction\":[{\"@type\":\"SearchAction\",\"target\":{\"@type\":\"EntryPoint\",\"urlTemplate\":\"https:\/\/eoecars.ie\/en\/?s={search_term_string}\"},\"query-input\":{\"@type\":\"PropertyValueSpecification\",\"valueRequired\":true,\"valueName\":\"search_term_string\"}}],\"inLanguage\":\"en-GB\"},{\"@type\":\"Organization\",\"@id\":\"https:\/\/eoecars.ie\/en\/#organization\",\"name\":\"EOE Cars\",\"url\":\"https:\/\/eoecars.ie\/en\/\",\"logo\":{\"@type\":\"ImageObject\",\"inLanguage\":\"en-GB\",\"@id\":\"https:\/\/eoecars.ie\/en\/#\/schema\/logo\/image\/\",\"url\":\"https:\/\/eoecars.ie\/wp-content\/uploads\/2020\/08\/logo_black-1.jpg\",\"contentUrl\":\"https:\/\/eoecars.ie\/wp-content\/uploads\/2020\/08\/logo_black-1.jpg\",\"width\":260,\"height\":80,\"caption\":\"EOE Cars\"},\"image\":{\"@id\":\"https:\/\/eoecars.ie\/en\/#\/schema\/logo\/image\/\"},\"sameAs\":[\"https:\/\/www.facebook.com\/eoecars\/\"]}]}<\/script>\n<!-- \/ Yoast SEO plugin. -->","yoast_head_json":{"title":"About EOE Cars - EOE Cars - UK Car imports, Used car sales Ireland, Longford, Westmeath, Midlands","description":"EOE Cars Edgeworthstown, Longford Established in 2015 Car and van sales Mostly from the UK. We give Warranty and can help with Finance. The Free delivery in all Ireland available.","robots":{"index":"index","follow":"follow","max-snippet":"max-snippet:-1","max-image-preview":"max-image-preview:large","max-video-preview":"max-video-preview:-1"},"canonical":"https:\/\/eoecars.ie\/en\/about-eoe-cars\/","og_locale":"en_GB","og_type":"article","og_title":"About EOE Cars - EOE Cars - UK Car imports, Used car sales Ireland, Longford, Westmeath, Midlands","og_description":"{:en}EOE Cars Edgeworthstown, Longford Established in 2015 Car and van sales Mostly from the UK. We give Warranty and can help with Finance. The Free delivery in all Ireland available.{:lv}EOE Cars Edgeworthstown, Longford str\u0101d\u0101jam kop\u0161 2015. gad\u0101 Automa\u0161\u012bnu un mikroautobusu tirdzniec\u012bba galvenok\u0101rt import\u0113tas no Lielbrit\u0101nijas. M\u016bsu auto ir ar garantiju (ir noteikumi) K\u0101 ar\u012b varam pal\u012bdz\u0113t ar finans\u0113jumu. Pieejama bezmaksas pieg\u0101de vis\u0101 \u012arij\u0101.EOE Cars Edgeworthstown, Longford str\u0101d\u0101jam kop\u0161 2015. gad\u0101 Automa\u0161\u012bnu un mikroautobusu tirdzniec\u012bba galvenok\u0101rt import\u0113tas no Lielbrit\u0101nijas. M\u016bsu auto ir ar garantiju (ir noteikumi) K\u0101 ar\u012b varam pal\u012bdz\u0113t ar finans\u0113jumu. Pieejama bezmaksas pieg\u0101de vis\u0101 \u012arij\u0101.{:ru}EOE Cars Edgeworthstown Longford \u0440\u0430\u0431\u043e\u0442\u0430\u0435\u0442 \u0441 2015 \u0433\u043e\u0434\u0430. \u041f\u0440\u043e\u0434\u0430\u0436\u0438 \u0430\u0432\u0442\u043e\u043c\u043e\u0431\u0438\u043b\u0435\u0439 \u0438 \u043c\u0438\u043a\u0440\u043e\u0430\u0432\u0442\u043e\u0431\u0443\u0441\u043e\u0432 \u0432 \u043e\u0441\u043d\u043e\u0432\u043d\u043e\u043c \u0438\u043c\u043f\u043e\u0440\u0442\u0438\u0440\u0443\u044e\u0442\u0441\u044f \u0438\u0437 \u0412\u0435\u043b\u0438\u043a\u043e\u0431\u0440\u0438\u0442\u0430\u043d\u0438\u0438. \u041d\u0430 \u043d\u0430\u0448\u0443 \u043c\u0430\u0448\u0438\u043d\u0443 \u0435\u0441\u0442\u044c \u0433\u0430\u0440\u0430\u043d\u0442\u0438\u044f (\u0435\u0441\u0442\u044c \u043f\u0440\u0430\u0432\u0438\u043b\u0430) \u0422\u0430\u043a\u0436\u0435 \u043c\u043e\u0436\u0435\u043c \u043f\u043e\u043c\u043e\u0447\u044c \u0441 \u0444\u0438\u043d\u0430\u043d\u0441\u0438\u0440\u043e\u0432\u0430\u043d\u0438\u0435\u043c. \u0411\u0435\u0441\u043f\u043b\u0430\u0442\u043d\u0430\u044f \u0434\u043e\u0441\u0442\u0430\u0432\u043a\u0430 \u043f\u043e \u0432\u0441\u0435\u0439 \u0418\u0440\u043b\u0430\u043d\u0434\u0438\u0438.EOE Cars Edgeworthstown Longford \u0440\u0430\u0431\u043e\u0442\u0430\u0435\u0442 \u0441 2015 \u0433\u043e\u0434\u0430. \u041f\u0440\u043e\u0434\u0430\u0436\u0438 \u0430\u0432\u0442\u043e\u043c\u043e\u0431\u0438\u043b\u0435\u0439 \u0438 \u043c\u0438\u043a\u0440\u043e\u0430\u0432\u0442\u043e\u0431\u0443\u0441\u043e\u0432 \u0432 \u043e\u0441\u043d\u043e\u0432\u043d\u043e\u043c \u0438\u043c\u043f\u043e\u0440\u0442\u0438\u0440\u0443\u044e\u0442\u0441\u044f \u0438\u0437 \u0412\u0435\u043b\u0438\u043a\u043e\u0431\u0440\u0438\u0442\u0430\u043d\u0438\u0438. \u041d\u0430 \u043d\u0430\u0448\u0443 \u043c\u0430\u0448\u0438\u043d\u0443 \u0435\u0441\u0442\u044c \u0433\u0430\u0440\u0430\u043d\u0442\u0438\u044f (\u0435\u0441\u0442\u044c \u043f\u0440\u0430\u0432\u0438\u043b\u0430) \u0422\u0430\u043a\u0436\u0435 \u043c\u043e\u0436\u0435\u043c \u043f\u043e\u043c\u043e\u0447\u044c \u0441 \u0444\u0438\u043d\u0430\u043d\u0441\u0438\u0440\u043e\u0432\u0430\u043d\u0438\u0435\u043c. \u0411\u0435\u0441\u043f\u043b\u0430\u0442\u043d\u0430\u044f \u0434\u043e\u0441\u0442\u0430\u0432\u043a\u0430 \u043f\u043e \u0432\u0441\u0435\u0439 \u0418\u0440\u043b\u0430\u043d\u0434\u0438\u0438.{:}","og_url":"https:\/\/eoecars.ie\/en\/about-eoe-cars\/","og_site_name":"EOE Cars - UK Car imports, Used car sales Ireland, Longford, Westmeath, Midlands","article_publisher":"https:\/\/www.facebook.com\/eoecars\/","article_modified_time":"2025-01-22T21:58:16+00:00","og_image":[{"width":1000,"height":667,"url":"https:\/\/eoecars.ie\/wp-content\/uploads\/2020\/09\/eoe-cars-audi-Custom.jpg","type":"image\/jpeg"}],"twitter_card":"summary_large_image","twitter_image":"https:\/\/eoecars.ie\/wp-content\/uploads\/2020\/09\/eoe-cars-audi-Custom.jpg","twitter_misc":{"Estimated reading time":"5 minutes"},"schema":{"@context":"https:\/\/schema.org","@graph":[{"@type":["WebPage","AboutPage"],"@id":"https:\/\/eoecars.ie\/en\/about-eoe-cars\/","url":"https:\/\/eoecars.ie\/en\/about-eoe-cars\/","name":"About EOE Cars - EOE Cars - UK Car imports, Used car sales Ireland, Longford, Westmeath, Midlands","isPartOf":{"@id":"https:\/\/eoecars.ie\/en\/#website"},"primaryImageOfPage":{"@id":"https:\/\/eoecars.ie\/en\/about-eoe-cars\/#primaryimage"},"image":{"@id":"https:\/\/eoecars.ie\/en\/about-eoe-cars\/#primaryimage"},"thumbnailUrl":"https:\/\/eoecars.ie\/wp-content\/uploads\/2020\/09\/signature-new.jpg","datePublished":"2020-08-10T16:44:46+00:00","dateModified":"2025-01-22T21:58:16+00:00","description":"{:en}EOE Cars Edgeworthstown, Longford Established in 2015 Car and van sales Mostly from the UK. We give Warranty and can help with Finance. The Free delivery in all Ireland available.{:lv}EOE Cars Edgeworthstown, Longford str\u0101d\u0101jam kop\u0161 2015. gad\u0101 Automa\u0161\u012bnu un mikroautobusu tirdzniec\u012bba galvenok\u0101rt import\u0113tas no Lielbrit\u0101nijas. M\u016bsu auto ir ar garantiju (ir noteikumi) K\u0101 ar\u012b varam pal\u012bdz\u0113t ar finans\u0113jumu. Pieejama bezmaksas pieg\u0101de vis\u0101 \u012arij\u0101.EOE Cars Edgeworthstown, Longford str\u0101d\u0101jam kop\u0161 2015. gad\u0101 Automa\u0161\u012bnu un mikroautobusu tirdzniec\u012bba galvenok\u0101rt import\u0113tas no Lielbrit\u0101nijas. M\u016bsu auto ir ar garantiju (ir noteikumi) K\u0101 ar\u012b varam pal\u012bdz\u0113t ar finans\u0113jumu. Pieejama bezmaksas pieg\u0101de vis\u0101 \u012arij\u0101.{:ru}EOE Cars Edgeworthstown Longford \u0440\u0430\u0431\u043e\u0442\u0430\u0435\u0442 \u0441 2015 \u0433\u043e\u0434\u0430. \u041f\u0440\u043e\u0434\u0430\u0436\u0438 \u0430\u0432\u0442\u043e\u043c\u043e\u0431\u0438\u043b\u0435\u0439 \u0438 \u043c\u0438\u043a\u0440\u043e\u0430\u0432\u0442\u043e\u0431\u0443\u0441\u043e\u0432 \u0432 \u043e\u0441\u043d\u043e\u0432\u043d\u043e\u043c \u0438\u043c\u043f\u043e\u0440\u0442\u0438\u0440\u0443\u044e\u0442\u0441\u044f \u0438\u0437 \u0412\u0435\u043b\u0438\u043a\u043e\u0431\u0440\u0438\u0442\u0430\u043d\u0438\u0438. \u041d\u0430 \u043d\u0430\u0448\u0443 \u043c\u0430\u0448\u0438\u043d\u0443 \u0435\u0441\u0442\u044c \u0433\u0430\u0440\u0430\u043d\u0442\u0438\u044f (\u0435\u0441\u0442\u044c \u043f\u0440\u0430\u0432\u0438\u043b\u0430) \u0422\u0430\u043a\u0436\u0435 \u043c\u043e\u0436\u0435\u043c \u043f\u043e\u043c\u043e\u0447\u044c \u0441 \u0444\u0438\u043d\u0430\u043d\u0441\u0438\u0440\u043e\u0432\u0430\u043d\u0438\u0435\u043c. \u0411\u0435\u0441\u043f\u043b\u0430\u0442\u043d\u0430\u044f \u0434\u043e\u0441\u0442\u0430\u0432\u043a\u0430 \u043f\u043e \u0432\u0441\u0435\u0439 \u0418\u0440\u043b\u0430\u043d\u0434\u0438\u0438.EOE Cars Edgeworthstown Longford \u0440\u0430\u0431\u043e\u0442\u0430\u0435\u0442 \u0441 2015 \u0433\u043e\u0434\u0430. \u041f\u0440\u043e\u0434\u0430\u0436\u0438 \u0430\u0432\u0442\u043e\u043c\u043e\u0431\u0438\u043b\u0435\u0439 \u0438 \u043c\u0438\u043a\u0440\u043e\u0430\u0432\u0442\u043e\u0431\u0443\u0441\u043e\u0432 \u0432 \u043e\u0441\u043d\u043e\u0432\u043d\u043e\u043c \u0438\u043c\u043f\u043e\u0440\u0442\u0438\u0440\u0443\u044e\u0442\u0441\u044f \u0438\u0437 \u0412\u0435\u043b\u0438\u043a\u043e\u0431\u0440\u0438\u0442\u0430\u043d\u0438\u0438. \u041d\u0430 \u043d\u0430\u0448\u0443 \u043c\u0430\u0448\u0438\u043d\u0443 \u0435\u0441\u0442\u044c \u0433\u0430\u0440\u0430\u043d\u0442\u0438\u044f (\u0435\u0441\u0442\u044c \u043f\u0440\u0430\u0432\u0438\u043b\u0430) \u0422\u0430\u043a\u0436\u0435 \u043c\u043e\u0436\u0435\u043c \u043f\u043e\u043c\u043e\u0447\u044c \u0441 \u0444\u0438\u043d\u0430\u043d\u0441\u0438\u0440\u043e\u0432\u0430\u043d\u0438\u0435\u043c. \u0411\u0435\u0441\u043f\u043b\u0430\u0442\u043d\u0430\u044f \u0434\u043e\u0441\u0442\u0430\u0432\u043a\u0430 \u043f\u043e \u0432\u0441\u0435\u0439 \u0418\u0440\u043b\u0430\u043d\u0434\u0438\u0438.{:}","breadcrumb":{"@id":"https:\/\/eoecars.ie\/en\/about-eoe-cars\/#breadcrumb"},"inLanguage":"en-GB","potentialAction":[{"@type":"ReadAction","target":["https:\/\/eoecars.ie\/en\/about-eoe-cars\/"]}]},{"@type":"ImageObject","inLanguage":"en-GB","@id":"https:\/\/eoecars.ie\/en\/about-eoe-cars\/#primaryimage","url":"https:\/\/eoecars.ie\/wp-content\/uploads\/2020\/09\/signature-new.jpg","contentUrl":"https:\/\/eoecars.ie\/wp-content\/uploads\/2020\/09\/signature-new.jpg"},{"@type":"BreadcrumbList","@id":"https:\/\/eoecars.ie\/en\/about-eoe-cars\/#breadcrumb","itemListElement":[{"@type":"ListItem","position":1,"name":"Home","item":"https:\/\/eoecars.ie\/en\/"},{"@type":"ListItem","position":2,"name":"About EOE Cars"}]},{"@type":"WebSite","@id":"https:\/\/eoecars.ie\/en\/#website","url":"https:\/\/eoecars.ie\/en\/","name":"EOE Cars - UK Car imports, Used car sales Ireland, Longford, Westmeath, Midlands","description":"Used cars Ireland, Longford, Westmeath, Edworthtown","publisher":{"@id":"https:\/\/eoecars.ie\/en\/#organization"},"potentialAction":[{"@type":"SearchAction","target":{"@type":"EntryPoint","urlTemplate":"https:\/\/eoecars.ie\/en\/?s={search_term_string}"},"query-input":{"@type":"PropertyValueSpecification","valueRequired":true,"valueName":"search_term_string"}}],"inLanguage":"en-GB"},{"@type":"Organization","@id":"https:\/\/eoecars.ie\/en\/#organization","name":"EOE Cars","url":"https:\/\/eoecars.ie\/en\/","logo":{"@type":"ImageObject","inLanguage":"en-GB","@id":"https:\/\/eoecars.ie\/en\/#\/schema\/logo\/image\/","url":"https:\/\/eoecars.ie\/wp-content\/uploads\/2020\/08\/logo_black-1.jpg","contentUrl":"https:\/\/eoecars.ie\/wp-content\/uploads\/2020\/08\/logo_black-1.jpg","width":260,"height":80,"caption":"EOE Cars"},"image":{"@id":"https:\/\/eoecars.ie\/en\/#\/schema\/logo\/image\/"},"sameAs":["https:\/\/www.facebook.com\/eoecars\/"]}]}},"_links":{"self":[{"href":"https:\/\/eoecars.ie\/en\/wp-json\/wp\/v2\/pages\/23","targetHints":{"allow":["GET"]}}],"collection":[{"href":"https:\/\/eoecars.ie\/en\/wp-json\/wp\/v2\/pages"}],"about":[{"href":"https:\/\/eoecars.ie\/en\/wp-json\/wp\/v2\/types\/page"}],"author":[{"embeddable":true,"href":"https:\/\/eoecars.ie\/en\/wp-json\/wp\/v2\/users\/1"}],"replies":[{"embeddable":true,"href":"https:\/\/eoecars.ie\/en\/wp-json\/wp\/v2\/comments?post=23"}],"version-history":[{"count":11,"href":"https:\/\/eoecars.ie\/en\/wp-json\/wp\/v2\/pages\/23\/revisions"}],"predecessor-version":[{"id":378,"href":"https:\/\/eoecars.ie\/en\/wp-json\/wp\/v2\/pages\/23\/revisions\/378"}],"wp:attachment":[{"href":"https:\/\/eoecars.ie\/en\/wp-json\/wp\/v2\/media?parent=23"}],"curies":[{"name":"wp","href":"https:\/\/api.w.org\/{rel}","templated":true}]}}