{"id":115,"date":"2020-09-17T10:43:53","date_gmt":"2020-09-17T10:43:53","guid":{"rendered":"https:\/\/eoecars.ie\/en\/?page_id=115"},"modified":"2020-10-04T11:19:23","modified_gmt":"2020-10-04T11:19:23","slug":"terms-and-conditions","status":"publish","type":"page","link":"https:\/\/eoecars.ie\/lv\/noteikumi\/","title":{"rendered":"Noteikumi"},"content":{"rendered":"<p>[vc_row][vc_column][vc_column_text]<\/p>\n<h2><strong> Pakalpojumu snieg\u0161anas noteikumi <\/strong><\/h2>\n<p>Laipni l\u016bdzam EOE Cars Sales Ireland!<\/p>\n<p>\u0160ie noteikumi un nosac\u012bjumi izkl\u0101sta EOE Cars vietnes, kas atrodas vietn\u0113 https:\/\/eoecars.ie, lieto\u0161anas noteikumus un noteikumus.<\/p>\n<p>Piek\u013c\u016bstot \u0161ai vietnei, m\u0113s pie\u0146emam, ka j\u016bs piekr\u012btat \u0161iem noteikumiem un nosac\u012bjumiem. Neturpiniet lietot EOE Cars Sales Ireland, ja nepiekr\u012btat iev\u0113rot visus \u0161aj\u0101 lap\u0101 nor\u0101d\u012btos noteikumus un nosac\u012bjumus.<\/p>\n<p>Uz \u0161iem noteikumiem un nosac\u012bjumiem, pazi\u0146ojumu par konfidencialit\u0101ti un pazi\u0146ojumu par atrunu un visiem l\u012bgumiem attiecas \u0161\u0101da terminolo\u0123ija: \u201cklients\u201d, \u201cj\u016bs\u201d un \u201cj\u016bsu\u201d attiecas uz tevi, personu, kas piesak\u0101s \u0161aj\u0101 vietn\u0113 un atbilst uz\u0146\u0113muma noteikumiem un nosac\u012bjumiem. nosac\u012bjumiem. &#8220;Uz\u0146\u0113mums&#8221;, &#8220;Sevi&#8221;, &#8220;M\u0113s&#8221;, &#8220;M\u016bsu&#8221; un &#8220;M\u0113s&#8221; attiecas uz m\u016bsu Uz\u0146\u0113mumu. &#8220;Puse&#8221;, &#8220;Puses&#8221; vai &#8220;M\u0113s&#8221; attiecas gan uz Klientu, gan m\u016bs pa\u0161iem. Visi noteikumi attiecas uz pied\u0101v\u0101jumu, maks\u0101juma pie\u0146em\u0161anu un izskat\u012b\u0161anu, kas nepiecie\u0161ams, lai visatbilsto\u0161\u0101kaj\u0101 veid\u0101 veiktu m\u016bsu pal\u012bdz\u012bbas procesu Klientam, lai skaidri apmierin\u0101tu Klienta vajadz\u012bbas saist\u012bb\u0101 ar Sabiedr\u012bbas nor\u0101d\u012bto pakalpojumu snieg\u0161anu saska\u0146\u0101 ar un uz kuru attiecas sp\u0113k\u0101 eso\u0161ie N\u012bderlandes ties\u012bbu akti. Jebkura iepriek\u0161 min\u0113t\u0101s terminolo\u0123ijas vai citu v\u0101rdu lieto\u0161ana vienskait\u0101, daudzskaitl\u012b, lielo burtu lietojum\u0101 un \/ vai vi\u0146\u0161 \/ vi\u0146a tiek uzskat\u012bts par savstarp\u0113ji aizvietojamu un t\u0101p\u0113c atsaucoties uz to pa\u0161u.<\/p>\n<h3>S\u012bkfaili (Cookies)<\/h3>\n<p>M\u0113s izmantojam s\u012bkdatnes. Piek\u013c\u016bstot EOE Cars Sales Ireland, j\u016bs piekr\u012btat izmantot s\u012bkdatnes saska\u0146\u0101 ar EOE Cars priv\u0101tuma politiku.<\/p>\n<p>Liel\u0101k\u0101 da\u013ca interakt\u012bvo viet\u0146u izmanto s\u012bkfailus, lai \u013cautu mums ieg\u016bt lietot\u0101ja inform\u0101ciju par katru apmekl\u0113jumu. S\u012bkdatnes m\u016bsu vietne izmanto, lai iesp\u0113jotu noteiktu apgabalu funkcionalit\u0101ti, lai cilv\u0113kiem, kuri apmekl\u0113 m\u016bsu vietni, b\u016btu viegl\u0101k. Da\u017ei no m\u016bsu saist\u012btajiem \/ rekl\u0101mas partneriem var izmantot ar\u012b s\u012bkfailus.<\/p>\n<h3><strong> Licence <\/strong><\/h3>\n<p>Ja nav nor\u0101d\u012bts cit\u0101di, EOE Cars un \/ vai t\u0101 licenc\u0113t\u0101jiem pieder intelektu\u0101l\u0101 \u012bpa\u0161uma ties\u012bbas uz visiem EOE Cars Sales Ireland materi\u0101liem. Visas intelektu\u0101l\u0101 \u012bpa\u0161uma ties\u012bbas ir aizsarg\u0101tas. Tam varat piek\u013c\u016bt no EOE Cars Sales Ireland person\u012bgai lieto\u0161anai, iev\u0113rojot \u0161ajos noteikumos un nosac\u012bjumos noteiktos ierobe\u017eojumus.<\/p>\n<p>J\u016bs nedr\u012bkstat:<\/p>\n<ul>\n<li>P\u0101rpublic\u0113t EOE Cars Sales Ireland materi\u0101lu.<\/li>\n<li>P\u0101rdot, \u012br\u0113t vai apak\u0161licenc\u0113t materi\u0101lus no EOE Cars Sales Ireland<\/li>\n<li>reproduc\u0113t, dubl\u0113t vai kop\u0113t EOE Cars Sales Ireland materi\u0101lus<\/li>\n<li>P\u0101rdaliet saturu no EOE Cars Sales Ireland<\/li>\n<\/ul>\n<p>\u0160is L\u012bgums s\u0101k darboties t\u0101 datum\u0101. M\u016bsu pakalpojumu snieg\u0161anas noteikumi tika izveidoti, izmantojot <a href=\"https:\/\/www.termsandconditionsgenerator.com\"> pakalpojumu snieg\u0161anas noteikumu \u0123eneratoru <\/a> un <a href=\"https: \/\/www.generateprivacypolicy. com \"> Privacy Policy Generator <\/a>.<\/p>\n<p>\u0160\u012bs vietnes da\u013cas lietot\u0101jiem pied\u0101v\u0101 iesp\u0113ju public\u0113t un apmain\u012bties ar viedok\u013ciem un inform\u0101ciju noteikt\u0101s vietnes viet\u0101s. EOE Cars nefiltr\u0113, redi\u0123\u0113, nepublic\u0113 un nep\u0101rskata koment\u0101rus pirms to kl\u0101tb\u016btnes vietn\u0113. Koment\u0101ri neatspogu\u013co EOE Cars, t\u0101 p\u0101rst\u0101vju un \/ vai fili\u0101\u013cu viedok\u013cus un viedok\u013cus. Koment\u0101ri atspogu\u013co t\u0101s personas viedokli un viedokli, kura public\u0113 savu viedokli un viedokli. Cikt\u0101l to pie\u013cauj piem\u0113rojamie likumi, EOE Cars nav atbild\u012bgs par koment\u0101riem vai par jebk\u0101du atbild\u012bbu, zaud\u0113jumiem vai izdevumiem, kas radu\u0161ies un \/ vai radu\u0161ies jebk\u0101du koment\u0101ru izmanto\u0161anas un \/ vai ievieto\u0161anas un \/ vai par\u0101d\u012b\u0161an\u0101s rezult\u0101t\u0101. \u0161aj\u0101 vietn\u0113.<\/p>\n<p>EOE Cars patur ties\u012bbas uzraudz\u012bt visus koment\u0101rus un no\u0146emt visus koment\u0101rus, kurus var uzskat\u012bt par neatbilsto\u0161iem, aizvainojo\u0161iem vai izraisot \u0161o pakalpojumu snieg\u0161anas noteikumu p\u0101rk\u0101p\u0161anu.<\/p>\n<p>J\u016bs to garant\u0113jat un p\u0101rst\u0101vat:<\/p>\n<ul>\n<li>Jums ir ties\u012bbas ievietot koment\u0101rus m\u016bsu vietn\u0113, un jums ir visas nepiecie\u0161am\u0101s licences un piekri\u0161anas, lai to izdar\u012btu;<\/li>\n<li>koment\u0101ri neietver nevienu intelektu\u0101l\u0101 \u012bpa\u0161uma ties\u012bbas, tostarp, bez ierobe\u017eojumiem, tre\u0161o personu autorties\u012bbas, patentu vai pre\u010du z\u012bmi;<\/li>\n<li>koment\u0101ri nesatur neslavas cel\u0161anas, neslavas cel\u0161anas, aizskaro\u0161u, nepiekl\u0101j\u012bgu vai cit\u0101di nelikum\u012bgu materi\u0101lu, kas ir priv\u0101tuma aizsk\u0101rums<\/li>\n<li>Koment\u0101ri netiks izmantoti, lai piepras\u012btu vai reklam\u0113tu uz\u0146\u0113m\u0113jdarb\u012bbu vai paradumus, k\u0101 ar\u012b prezent\u0113tu komercdarb\u012bbu vai nelikum\u012bgu darb\u012bbu.<\/li>\n<\/ul>\n<p>Ar \u0161o j\u016bs pie\u0161\u0137irat EOE Cars neekskluz\u012bvu licenci izmantot, reproduc\u0113t, redi\u0123\u0113t un pilnvarot citus lietot, reproduc\u0113t un redi\u0123\u0113t jebkuru no j\u016bsu koment\u0101riem vis\u0101s form\u0101s, form\u0101tos vai pla\u0161sazi\u0146as l\u012bdzek\u013cos.<\/p>\n<h3><strong> Hipersaite uz m\u016bsu saturu <\/strong><\/h3>\n<p>\u0160\u012bs organiz\u0101cijas var izveidot saiti uz m\u016bsu vietni bez iepriek\u0161\u0113ja rakstiska apstiprin\u0101juma:<\/p>\n<ul>\n<li>vald\u012bbas a\u0123ent\u016bras;<\/li>\n<li>mekl\u0113t\u0101jprogrammas;<\/li>\n<li>Zi\u0146u organiz\u0101cijas;<\/li>\n<li>Tie\u0161saistes direktoriju izplat\u012bt\u0101ji var izveidot saiti uz m\u016bsu vietni t\u0101pat k\u0101 hipersaiti uz citu sarakst\u0101 iek\u013cauto uz\u0146\u0113mumu vietn\u0113m; un<\/li>\n<li>Sist\u0113mas akredit\u0113ti uz\u0146\u0113mumi, iz\u0146emot bezpe\u013c\u0146as organiz\u0101ciju, labdar\u012bbas tirdzniec\u012bbas centru un labdar\u012bbas l\u012bdzek\u013cu v\u0101k\u0161anas grupu piesaisti, kas, iesp\u0113jams, nenovirza uz m\u016bsu vietni.<\/li>\n<\/ul>\n<p>\u0160\u012bs organiz\u0101cijas var izveidot saiti uz m\u016bsu m\u0101jas lapu, publik\u0101cij\u0101m vai citu viet\u0146u inform\u0101ciju, ja vien saite: (a) nek\u0101d\u0101 zi\u0146\u0101 nav maldino\u0161a; b) nepatiesi nenoz\u012bm\u0113 saisto\u0161\u0101s puses un t\u0101s produktu un \/ vai pakalpojumu sponsor\u0113\u0161anu, apstiprin\u0101\u0161anu vai apstiprin\u0101\u0161anu; un c) iek\u013caujas saisto\u0161\u0101s puses vietnes kontekst\u0101.<\/p>\n<p>M\u0113s varam izskat\u012bt un apstiprin\u0101t citus saist\u012b\u0161anas piepras\u012bjumus no \u0161\u0101da veida organiz\u0101cij\u0101m:<\/p>\n<ul>\n<li>pla\u0161i paz\u012bstami pat\u0113r\u0113t\u0101ju un \/ vai biznesa inform\u0101cijas avoti;<\/li>\n<li>dot.com kopienas vietnes;<\/li>\n<li>biedr\u012bbas vai citas labdar\u012bbas organiz\u0101cijas p\u0101rst\u0101vo\u0161as grupas;<\/li>\n<li>tie\u0161saistes direktoriju izplat\u012bt\u0101ji;<\/li>\n<li>interneta port\u0101li;<\/li>\n<li>gr\u0101matved\u012bbas, juridisko un konsult\u0101ciju firmas; un<\/li>\n<li>izgl\u012bt\u012bbas iest\u0101des un tirdzniec\u012bbas asoci\u0101cijas.<\/li>\n<\/ul>\n<p>M\u0113s apstiprin\u0101sim \u0161o organiz\u0101ciju saites piepras\u012bjumus, ja nolemsim, ka: (a) \u0161\u012b saite neliks mums nelabv\u0113l\u012bgi skat\u012bties uz sevi vai m\u016bsu akredit\u0113tajiem uz\u0146\u0113mumiem; b) organiz\u0101cijai nav nek\u0101du negat\u012bvu ierakstu pie mums; (c) hipersaites redzam\u012bbas ieguvums mums kompens\u0113 EOE automa\u0161\u012bnu neesam\u012bbu; un d) saite ir visp\u0101r\u012bgas resursu inform\u0101cijas kontekst\u0101.<\/p>\n<p>\u0160\u012bs organiz\u0101cijas var izveidot saiti uz m\u016bsu m\u0101jas lapu, ja vien saite: (a) nek\u0101d\u0101 zi\u0146\u0101 nav maldino\u0161a; b) nepatiesi nenoz\u012bm\u0113 saisto\u0161\u0101s puses un t\u0101s produktu vai pakalpojumu sponsor\u0113\u0161anu, apstiprin\u0101\u0161anu vai apstiprin\u0101\u0161anu; un c) iek\u013caujas saisto\u0161\u0101s puses vietnes kontekst\u0101.<\/p>\n<p>Ja esat viena no 2. punkt\u0101 uzskait\u012btaj\u0101m organiz\u0101cij\u0101m un v\u0113laties izveidot saiti uz m\u016bsu vietni, jums par to j\u0101inform\u0113, nos\u016btot e-pastu uz EOE Cars. L\u016bdzu, iek\u013caujiet savu v\u0101rdu, organiz\u0101cijas nosaukumu, kontaktinform\u0101ciju, k\u0101 ar\u012b savas vietnes URL, visu to vietr\u0101\u017eu URL sarakstu, no kuriem v\u0113laties izveidot saiti uz m\u016bsu vietni, k\u0101 ar\u012b to viet\u0146u URL sarakstu. Atbilde tiks sniegta 2-3 ned\u0113\u013cu laik\u0101.<\/p>\n<p>Apstiprin\u0101tas organiz\u0101cijas var hipersaiti uz m\u016bsu vietni izveidot \u0161\u0101di:<\/p>\n<ul>\n<li>izmantojot m\u016bsu uz\u0146\u0113muma nosaukumu, vai<\/li>\n<li>izmantojot vienoto resursu lokatoru, kas ir saist\u012bts, vai<\/li>\n<li>Izmantojot jebkuru citu saist\u012btu m\u016bsu vietnes aprakstu, tas ir j\u0113ga saisto\u0161\u0101s puses vietnes satura kontekst\u0101 un form\u0101t\u0101.<\/li>\n<\/ul>\n<p>Saist\u012b\u0161anai bez pre\u010du z\u012bmes licences l\u012bguma nav at\u013cauts izmantot EOE Cars logotipu vai citus m\u0101kslas darbus.<\/p>\n<h3><em> r\u0101mji (iframe) <\/em><\/h3>\n<p>Bez iepriek\u0161\u0113ja apstiprin\u0101juma un rakstiskas at\u013caujas j\u016bs nevarat izveidot r\u0101mjus (iframe) ap m\u016bsu t\u012bmek\u013ca vietn\u0113m, kas jebk\u0101d\u0101 veid\u0101 maina m\u016bsu vietnes vizu\u0101lo noform\u0113jumu vai izskatu.<\/p>\n<h3><strong> Atbild\u012bba par saturu <\/strong><\/h3>\n<p>M\u0113s neuz\u0146emamies atbild\u012bbu par saturu, kas par\u0101d\u0101s j\u016bsu vietn\u0113. J\u016bs piekr\u012btat m\u016bs aizsarg\u0101t un aizst\u0101v\u0113t pret vis\u0101m pretenzij\u0101m, kas par\u0101d\u0101s j\u016bsu vietn\u0113. Nevien\u0101 t\u012bmek\u013ca vietn\u0113 nedr\u012bkst b\u016bt neviena (-as) saite (-es), kuru var interpret\u0113t k\u0101 negod\u012bgu, ne\u0137\u012btru vai noziedz\u012bgu vai kura p\u0101rk\u0101pj, cit\u0101di p\u0101rk\u0101pj vai aizst\u0101v tre\u0161o personu ties\u012bbu p\u0101rk\u0101pumus vai citus p\u0101rk\u0101pumus.<\/p>\n<h3><strong> J\u016bsu konfidencialit\u0101te <\/strong><\/h3>\n<p>L\u016bdzu, izlasiet <a href=\"https:\/\/eoecars.ie\/lv\/privatuma-politika\/\">konfidencialit\u0101tes politiku<\/a><\/p>\n<h3><strong> Ties\u012bbu rezerv\u0113\u0161ana <\/strong><\/h3>\n<p>M\u0113s paturam ties\u012bbas piepras\u012bt, lai j\u016bs no\u0146emtu visas saites vai k\u0101das \u012bpa\u0161as saites uz m\u016bsu vietni. J\u016bs piekr\u012btat nekav\u0113joties no\u0146emt visas saites uz m\u016bsu vietni p\u0113c piepras\u012bjuma. M\u0113s ar\u012b paturam ties\u012bbas izskat\u012bt \u0161os noteikumus un nosac\u012bjumus, un tas jebkur\u0101 laik\u0101 saista politiku. Nep\u0101rtraukti veidojot saiti uz m\u016bsu vietni, j\u016bs piekr\u012btat iev\u0113rot \u0161os saist\u012b\u0161anas noteikumus un nosac\u012bjumus.<\/p>\n<h3><strong> Sai\u0161u no\u0146em\u0161ana no m\u016bsu vietnes <\/strong><\/h3>\n<p>Ja m\u016bsu vietn\u0113 atrodat saiti, kas k\u0101da iemesla d\u0113\u013c ir aizvainojo\u0161a, varat sazin\u0101ties un inform\u0113t m\u016bs jebkur\u0101 br\u012bd\u012b. M\u0113s izskat\u012bsim piepras\u012bjumus no\u0146emt saites, bet mums nav pien\u0101kums vai ne, vai atbild\u0113t jums tie\u0161i.<\/p>\n<p>M\u0113s nenodro\u0161in\u0101m, ka inform\u0101cija \u0161aj\u0101 vietn\u0113 ir pareiza, un m\u0113s negarant\u0113jam t\u0101s piln\u012bgumu vai precizit\u0101ti; m\u0113s ar\u012b nesol\u0101m nodro\u0161in\u0101t, ka vietne joproj\u0101m ir pieejama vai ka vietn\u0113 eso\u0161ais materi\u0101ls tiek atjaunin\u0101ts.<\/p>\n<h3>Atruna<\/h3>\n<p>Cik vien maksim\u0101li pie\u013cauj piem\u0113rojamie ties\u012bbu akti, m\u0113s izsl\u0113dzam visus apliecin\u0101jumus, garantijas un nosac\u012bjumus, kas saist\u012bti ar m\u016bsu vietni un \u0161\u012bs vietnes lieto\u0161anu. Nekas \u0161aj\u0101 atrun\u0101 nedar\u012bs:<\/p>\n<ul>\n<li>ierobe\u017eot vai izsl\u0113gt m\u016bsu vai j\u016bsu atbild\u012bbu par n\u0101vi vai miesas boj\u0101jumiem;<\/li>\n<li>ierobe\u017eot vai izsl\u0113gt m\u016bsu vai j\u016bsu atbild\u012bbu par kr\u0101p\u0161anu vai kr\u0101pniecisku sagroz\u012b\u0161anu;<\/li>\n<li>ierobe\u017eot jebkuru no m\u016bsu vai j\u016bsu saist\u012bb\u0101m jebk\u0101d\u0101 veid\u0101, kas nav at\u013cauts saska\u0146\u0101 ar piem\u0113rojamiem ties\u012bbu aktiem; vai<\/li>\n<li>izsl\u0113dziet nevienu no m\u016bsu vai j\u016bsu saist\u012bb\u0101m, kuras, iesp\u0113jams, nav izsl\u0113gtas saska\u0146\u0101 ar piem\u0113rojamiem ties\u012bbu aktiem.<\/li>\n<\/ul>\n<p>\u0160aj\u0101 sada\u013c\u0101 un citur \u0161aj\u0101 atrun\u0101 noteiktie atbild\u012bbas ierobe\u017eojumi un aizliegumi: (a) ir pak\u013cauti iepriek\u0161\u0113jam punktam; un b) regul\u0113 visas saist\u012bbas, kas rodas saska\u0146\u0101 ar atrunu, tostarp saist\u012bbas, kas rodas l\u012bgumos, deliktu gad\u012bjumos un par likum\u0101 noteikto pien\u0101kumu neizpildi.<\/p>\n<p>Kam\u0113r vietne un taj\u0101 sniegt\u0101 inform\u0101cija un pakalpojumi tiek sniegti bez maksas, m\u0113s neb\u016bsim atbild\u012bgi par jebk\u0101da veida zaud\u0113jumiem vai boj\u0101jumiem.[\/vc_column_text][\/vc_column][\/vc_row]<\/p>","protected":false},"excerpt":{"rendered":"<p>[vc_row][vc_column][vc_column_text] Pakalpojumu snieg\u0161anas noteikumi Laipni l\u016bdzam EOE Cars Sales Ireland! \u0160ie noteikumi un nosac\u012bjumi izkl\u0101sta EOE Cars vietnes, kas atrodas vietn\u0113 https:\/\/eoecars.ie, lieto\u0161anas noteikumus un noteikumus. Piek\u013c\u016bstot \u0161ai vietnei, m\u0113s pie\u0146emam, ka j\u016bs piekr\u012btat \u0161iem noteikumiem un nosac\u012bjumiem. Neturpiniet lietot EOE Cars Sales Ireland, ja nepiekr\u012btat iev\u0113rot visus \u0161aj\u0101 lap\u0101&hellip; <\/p>\n<p class=\"link-more\"><a href=\"https:\/\/eoecars.ie\/lv\/noteikumi\/\" class=\"more-link\">Las\u012bt v\u0113l <span class=\"screen-reader-text\">Noteikumi<\/span><\/a><\/p>\n","protected":false},"author":1,"featured_media":0,"parent":0,"menu_order":0,"comment_status":"closed","ping_status":"closed","template":"","meta":{"footnotes":""},"class_list":["post-115","page","type-page","status-publish","hentry"],"yoast_head":"<!-- This site is optimized with the Yoast SEO plugin v24.3 - https:\/\/yoast.com\/wordpress\/plugins\/seo\/ -->\n<title>Noteikumi - EOE Cars - Import\u0113tas automa\u0161\u012bnas no Lielbrit\u0101nijas, Lietotu automa\u0161\u012bnu tirdzniec\u012bba \u012arij\u0101<\/title>\n<meta name=\"robots\" content=\"index, follow, max-snippet:-1, max-image-preview:large, max-video-preview:-1\" \/>\n<link rel=\"canonical\" href=\"https:\/\/eoecars.ie\/en\/terms-and-conditions\/\" \/>\n<meta property=\"og:locale\" content=\"lv_LV\" \/>\n<meta property=\"og:type\" content=\"article\" \/>\n<meta property=\"og:title\" content=\"Noteikumi - EOE Cars - Import\u0113tas automa\u0161\u012bnas no Lielbrit\u0101nijas, Lietotu automa\u0161\u012bnu tirdzniec\u012bba \u012arij\u0101\" \/>\n<meta property=\"og:description\" content=\"[vc_row][vc_column][vc_column_text] Pakalpojumu snieg\u0161anas noteikumi Laipni l\u016bdzam EOE Cars Sales Ireland! \u0160ie noteikumi un nosac\u012bjumi izkl\u0101sta EOE Cars vietnes, kas atrodas vietn\u0113 https:\/\/eoecars.ie, lieto\u0161anas noteikumus un noteikumus. Piek\u013c\u016bstot \u0161ai vietnei, m\u0113s pie\u0146emam, ka j\u016bs piekr\u012btat \u0161iem noteikumiem un nosac\u012bjumiem. Neturpiniet lietot EOE Cars Sales Ireland, ja nepiekr\u012btat iev\u0113rot visus \u0161aj\u0101 lap\u0101&hellip; Las\u012bt v\u0113l Noteikumi\" \/>\n<meta property=\"og:url\" content=\"https:\/\/eoecars.ie\/en\/terms-and-conditions\/\" \/>\n<meta property=\"og:site_name\" content=\"EOE Cars - Import\u0113tas automa\u0161\u012bnas no Lielbrit\u0101nijas, Lietotu automa\u0161\u012bnu tirdzniec\u012bba \u012arij\u0101\" \/>\n<meta property=\"article:publisher\" content=\"https:\/\/www.facebook.com\/eoecars\/\" \/>\n<meta property=\"article:modified_time\" content=\"2020-10-04T11:19:23+00:00\" \/>\n<meta name=\"twitter:card\" content=\"summary_large_image\" \/>\n<meta name=\"twitter:label1\" content=\"Est. reading time\" \/>\n\t<meta name=\"twitter:data1\" content=\"18 minutes\" \/>\n<script type=\"application\/ld+json\" class=\"yoast-schema-graph\">{\"@context\":\"https:\/\/schema.org\",\"@graph\":[{\"@type\":\"WebPage\",\"@id\":\"https:\/\/eoecars.ie\/en\/terms-and-conditions\/\",\"url\":\"https:\/\/eoecars.ie\/en\/terms-and-conditions\/\",\"name\":\"Noteikumi - EOE Cars - Import\u0113tas automa\u0161\u012bnas no Lielbrit\u0101nijas, Lietotu automa\u0161\u012bnu tirdzniec\u012bba \u012arij\u0101\",\"isPartOf\":{\"@id\":\"https:\/\/eoecars.ie\/en\/#website\"},\"datePublished\":\"2020-09-17T10:43:53+00:00\",\"dateModified\":\"2020-10-04T11:19:23+00:00\",\"breadcrumb\":{\"@id\":\"https:\/\/eoecars.ie\/en\/terms-and-conditions\/#breadcrumb\"},\"inLanguage\":\"lv-LV\",\"potentialAction\":[{\"@type\":\"ReadAction\",\"target\":[\"https:\/\/eoecars.ie\/en\/terms-and-conditions\/\"]}]},{\"@type\":\"BreadcrumbList\",\"@id\":\"https:\/\/eoecars.ie\/en\/terms-and-conditions\/#breadcrumb\",\"itemListElement\":[{\"@type\":\"ListItem\",\"position\":1,\"name\":\"Home\",\"item\":\"https:\/\/eoecars.ie\/en\/\"},{\"@type\":\"ListItem\",\"position\":2,\"name\":\"Terms and Conditions\"}]},{\"@type\":\"WebSite\",\"@id\":\"https:\/\/eoecars.ie\/en\/#website\",\"url\":\"https:\/\/eoecars.ie\/en\/\",\"name\":\"EOE Cars - Import\u0113tas automa\u0161\u012bnas no Lielbrit\u0101nijas, Lietotu automa\u0161\u012bnu tirdzniec\u012bba \u012arij\u0101\",\"description\":\"Lietotas automa\u0161\u012bnas \u012arija,Longford, Westmeath, Edworthtown\",\"publisher\":{\"@id\":\"https:\/\/eoecars.ie\/en\/#organization\"},\"potentialAction\":[{\"@type\":\"SearchAction\",\"target\":{\"@type\":\"EntryPoint\",\"urlTemplate\":\"https:\/\/eoecars.ie\/en\/?s={search_term_string}\"},\"query-input\":{\"@type\":\"PropertyValueSpecification\",\"valueRequired\":true,\"valueName\":\"search_term_string\"}}],\"inLanguage\":\"lv-LV\"},{\"@type\":\"Organization\",\"@id\":\"https:\/\/eoecars.ie\/en\/#organization\",\"name\":\"EOE Cars\",\"url\":\"https:\/\/eoecars.ie\/en\/\",\"logo\":{\"@type\":\"ImageObject\",\"inLanguage\":\"lv-LV\",\"@id\":\"https:\/\/eoecars.ie\/en\/#\/schema\/logo\/image\/\",\"url\":\"https:\/\/eoecars.ie\/wp-content\/uploads\/2020\/08\/logo_black-1.jpg\",\"contentUrl\":\"https:\/\/eoecars.ie\/wp-content\/uploads\/2020\/08\/logo_black-1.jpg\",\"width\":260,\"height\":80,\"caption\":\"EOE Cars\"},\"image\":{\"@id\":\"https:\/\/eoecars.ie\/en\/#\/schema\/logo\/image\/\"},\"sameAs\":[\"https:\/\/www.facebook.com\/eoecars\/\"]}]}<\/script>\n<!-- \/ Yoast SEO plugin. -->","yoast_head_json":{"title":"Noteikumi - EOE Cars - Import\u0113tas automa\u0161\u012bnas no Lielbrit\u0101nijas, Lietotu automa\u0161\u012bnu tirdzniec\u012bba \u012arij\u0101","robots":{"index":"index","follow":"follow","max-snippet":"max-snippet:-1","max-image-preview":"max-image-preview:large","max-video-preview":"max-video-preview:-1"},"canonical":"https:\/\/eoecars.ie\/en\/terms-and-conditions\/","og_locale":"lv_LV","og_type":"article","og_title":"Noteikumi - EOE Cars - Import\u0113tas automa\u0161\u012bnas no Lielbrit\u0101nijas, Lietotu automa\u0161\u012bnu tirdzniec\u012bba \u012arij\u0101","og_description":"[vc_row][vc_column][vc_column_text] Pakalpojumu snieg\u0161anas noteikumi Laipni l\u016bdzam EOE Cars Sales Ireland! \u0160ie noteikumi un nosac\u012bjumi izkl\u0101sta EOE Cars vietnes, kas atrodas vietn\u0113 https:\/\/eoecars.ie, lieto\u0161anas noteikumus un noteikumus. Piek\u013c\u016bstot \u0161ai vietnei, m\u0113s pie\u0146emam, ka j\u016bs piekr\u012btat \u0161iem noteikumiem un nosac\u012bjumiem. Neturpiniet lietot EOE Cars Sales Ireland, ja nepiekr\u012btat iev\u0113rot visus \u0161aj\u0101 lap\u0101&hellip; Las\u012bt v\u0113l Noteikumi","og_url":"https:\/\/eoecars.ie\/en\/terms-and-conditions\/","og_site_name":"EOE Cars - Import\u0113tas automa\u0161\u012bnas no Lielbrit\u0101nijas, Lietotu automa\u0161\u012bnu tirdzniec\u012bba \u012arij\u0101","article_publisher":"https:\/\/www.facebook.com\/eoecars\/","article_modified_time":"2020-10-04T11:19:23+00:00","twitter_card":"summary_large_image","twitter_misc":{"Est. reading time":"18 minutes"},"schema":{"@context":"https:\/\/schema.org","@graph":[{"@type":"WebPage","@id":"https:\/\/eoecars.ie\/en\/terms-and-conditions\/","url":"https:\/\/eoecars.ie\/en\/terms-and-conditions\/","name":"Noteikumi - EOE Cars - Import\u0113tas automa\u0161\u012bnas no Lielbrit\u0101nijas, Lietotu automa\u0161\u012bnu tirdzniec\u012bba \u012arij\u0101","isPartOf":{"@id":"https:\/\/eoecars.ie\/en\/#website"},"datePublished":"2020-09-17T10:43:53+00:00","dateModified":"2020-10-04T11:19:23+00:00","breadcrumb":{"@id":"https:\/\/eoecars.ie\/en\/terms-and-conditions\/#breadcrumb"},"inLanguage":"lv-LV","potentialAction":[{"@type":"ReadAction","target":["https:\/\/eoecars.ie\/en\/terms-and-conditions\/"]}]},{"@type":"BreadcrumbList","@id":"https:\/\/eoecars.ie\/en\/terms-and-conditions\/#breadcrumb","itemListElement":[{"@type":"ListItem","position":1,"name":"Home","item":"https:\/\/eoecars.ie\/en\/"},{"@type":"ListItem","position":2,"name":"Terms and Conditions"}]},{"@type":"WebSite","@id":"https:\/\/eoecars.ie\/en\/#website","url":"https:\/\/eoecars.ie\/en\/","name":"EOE Cars - Import\u0113tas automa\u0161\u012bnas no Lielbrit\u0101nijas, Lietotu automa\u0161\u012bnu tirdzniec\u012bba \u012arij\u0101","description":"Lietotas automa\u0161\u012bnas \u012arija,Longford, Westmeath, Edworthtown","publisher":{"@id":"https:\/\/eoecars.ie\/en\/#organization"},"potentialAction":[{"@type":"SearchAction","target":{"@type":"EntryPoint","urlTemplate":"https:\/\/eoecars.ie\/en\/?s={search_term_string}"},"query-input":{"@type":"PropertyValueSpecification","valueRequired":true,"valueName":"search_term_string"}}],"inLanguage":"lv-LV"},{"@type":"Organization","@id":"https:\/\/eoecars.ie\/en\/#organization","name":"EOE Cars","url":"https:\/\/eoecars.ie\/en\/","logo":{"@type":"ImageObject","inLanguage":"lv-LV","@id":"https:\/\/eoecars.ie\/en\/#\/schema\/logo\/image\/","url":"https:\/\/eoecars.ie\/wp-content\/uploads\/2020\/08\/logo_black-1.jpg","contentUrl":"https:\/\/eoecars.ie\/wp-content\/uploads\/2020\/08\/logo_black-1.jpg","width":260,"height":80,"caption":"EOE Cars"},"image":{"@id":"https:\/\/eoecars.ie\/en\/#\/schema\/logo\/image\/"},"sameAs":["https:\/\/www.facebook.com\/eoecars\/"]}]}},"_links":{"self":[{"href":"https:\/\/eoecars.ie\/lv\/wp-json\/wp\/v2\/pages\/115","targetHints":{"allow":["GET"]}}],"collection":[{"href":"https:\/\/eoecars.ie\/lv\/wp-json\/wp\/v2\/pages"}],"about":[{"href":"https:\/\/eoecars.ie\/lv\/wp-json\/wp\/v2\/types\/page"}],"author":[{"embeddable":true,"href":"https:\/\/eoecars.ie\/lv\/wp-json\/wp\/v2\/users\/1"}],"replies":[{"embeddable":true,"href":"https:\/\/eoecars.ie\/lv\/wp-json\/wp\/v2\/comments?post=115"}],"version-history":[{"count":4,"href":"https:\/\/eoecars.ie\/lv\/wp-json\/wp\/v2\/pages\/115\/revisions"}],"predecessor-version":[{"id":381,"href":"https:\/\/eoecars.ie\/lv\/wp-json\/wp\/v2\/pages\/115\/revisions\/381"}],"wp:attachment":[{"href":"https:\/\/eoecars.ie\/lv\/wp-json\/wp\/v2\/media?parent=115"}],"curies":[{"name":"wp","href":"https:\/\/api.w.org\/{rel}","templated":true}]}}