{"id":116,"date":"2020-09-17T10:41:46","date_gmt":"2020-09-17T10:41:46","guid":{"rendered":"https:\/\/eoecars.ie\/en\/?page_id=116"},"modified":"2020-09-17T10:54:08","modified_gmt":"2020-09-17T10:54:08","slug":"privacy-policy","status":"publish","type":"page","link":"https:\/\/eoecars.ie\/lv\/privatuma-politika\/","title":{"rendered":"Priv\u0101tuma Politika"},"content":{"rendered":"<p>[vc_row][vc_column][vc_column_text]<\/p>\n<h1>EOE Cars konfidencialit\u0101tes politika<\/h1>\n<p>EOE Cars Sales Ireland, kas pieejama vietn\u0113 https:\/\/eoecars.ie, viena no m\u016bsu galvenaj\u0101m priorit\u0101t\u0113m ir apmekl\u0113t\u0101ju priv\u0101tums. \u0160aj\u0101 konfidencialit\u0101tes politikas dokument\u0101 ir ietverti EOE Cars Sales Ireland apkopotie un re\u0123istr\u0113tie inform\u0101cijas veidi un veids, k\u0101 m\u0113s to izmantojam.<\/p>\n<p>Ja jums ir papildu jaut\u0101jumi vai nepiecie\u0161ama papildu inform\u0101cija par m\u016bsu konfidencialit\u0101tes politiku, nevilcinieties sazin\u0101ties ar mums. M\u016bsu konfidencialit\u0101tes politika tika izveidota, izmantojot <a href=\"https:\/\/www.generateprivacypolicy.com\"> konfidencialit\u0101tes politikas \u0123eneratoru <\/a>.<\/p>\n<h2>\u017durn\u0101la faili<\/h2>\n<p>EOE Cars Sales Ireland iev\u0113ro standarta proced\u016bru, izmantojot \u017eurn\u0101lfailus. \u0160ie faili re\u0123istr\u0113 apmekl\u0113t\u0101jus, kad vi\u0146i apmekl\u0113 vietnes. Visi hostinga uz\u0146\u0113mumi to dara, k\u0101 ar\u012b da\u013ca no mitin\u0101\u0161anas pakalpojumu anal\u012bzes. \u017durn\u0101lfailu apkopot\u0101 inform\u0101cija ietver interneta protokola (IP) adreses, p\u0101rl\u016bkprogrammas veidu, interneta pakalpojumu sniedz\u0113ju (ISP), datuma un laika z\u012bmogu, atsauces \/ izejas lapas un, iesp\u0113jams, klik\u0161\u0137u skaitu. Tie nav saist\u012bti ar personu identific\u0113jo\u0161u inform\u0101ciju. Inform\u0101cijas m\u0113r\u0137is ir tenden\u010du anal\u012bze, vietnes administr\u0113\u0161ana, lietot\u0101ju kust\u012bbas izseko\u0161ana vietn\u0113 un demogr\u0101fisk\u0101s inform\u0101cijas apkopo\u0161ana.<\/p>\n<h2>S\u012bkfaili un t\u012bmek\u013ca b\u0101kas<\/h2>\n<p>T\u0101pat k\u0101 jebkur\u0101 cit\u0101 vietn\u0113, ar\u012b EOE Cars Sales Ireland izmanto s\u012bkdatnes. \u0160\u012bs s\u012bkdatnes tiek izmantotas, lai saglab\u0101tu inform\u0101ciju, tostarp apmekl\u0113t\u0101ju v\u0113lmes, un vietnes lapas, kur\u0101m apmekl\u0113t\u0101js piek\u013cuva vai apmekl\u0113ja. Inform\u0101cija tiek izmantota, lai optimiz\u0113tu lietot\u0101ju pieredzi, piel\u0101gojot m\u016bsu t\u012bmek\u013ca lapas saturu, pamatojoties uz apmekl\u0113t\u0101ju p\u0101rl\u016bkprogrammas tipu un \/ vai citu inform\u0101ciju.<\/p>\n<p>Lai ieg\u016btu visp\u0101r\u012bg\u0101ku inform\u0101ciju par s\u012bkdatn\u0113m, l\u016bdzu, izlasiet vietni <a href=\"https:\/\/www.cookieconsent.com\/what-are-cookies\/\"> &#8220;Kas ir s\u012bkfaili&#8221; <\/a>.<\/p>\n<h2>Google DoubleClick DART s\u012bkfails<\/h2>\n<p>Google ir viens no tre\u0161\u0101s puses pieg\u0101d\u0101t\u0101jiem m\u016bsu vietn\u0113. Tas ar\u012b izmanto s\u012bkfailus, kas paz\u012bstami k\u0101 DART s\u012bkfaili, lai r\u0101d\u012btu rekl\u0101mas m\u016bsu vietnes apmekl\u0113t\u0101jiem, pamatojoties uz vi\u0146u apmekl\u0113jumu www.website.com un cit\u0101s vietn\u0113s internet\u0101. Tom\u0113r apmekl\u0113t\u0101ji var izv\u0113l\u0113ties atteikties no DART s\u012bkfailu izmanto\u0161anas, apmekl\u0113jot Google rekl\u0101mu un informat\u012bv\u0101 t\u012bkla konfidencialit\u0101tes politiku, izmantojot \u0161\u0101du vietr\u0101di URL: <a href=\"https:\/\/policies.google.com\/technologies\/ads\"> https: \/ \/policies.google.com\/technologies\/ads <\/a><\/p>\n<h2>M\u016bsu rekl\u0101mas partneri<\/h2>\n<p>Da\u017ei m\u016bsu vietnes rekl\u0101mdev\u0113ji var izmantot s\u012bkfailus un t\u012bmek\u013ca b\u0101kas. M\u016bsu rekl\u0101mas partneri ir nor\u0101d\u012bti zem\u0101k. Katram m\u016bsu rekl\u0101mas partnerim ir sava konfidencialit\u0101tes politika attiec\u012bb\u0101 uz lietot\u0101ju datu politiku. Lai atvieglotu piek\u013cuvi, m\u0113s hipersaiti uz vi\u0146u konfidencialit\u0101tes politik\u0101m.<\/p>\n<ul>\n<li>Google<a href=\"https:\/\/policies.google.com\/technologies\/ads\"> https:\/\/policies.google.com\/technologies\/ads <\/a><\/li>\n<\/ul>\n<h2>Konfidencialit\u0101tes politika<\/h2>\n<p>J\u016bs varat iepaz\u012bties ar \u0161o sarakstu, lai atrastu konfidencialit\u0101tes politiku katram EOE Cars Sales Ireland rekl\u0101mas partnerim.<\/p>\n<p>Tre\u0161\u0101s puses rekl\u0101mu serveri vai rekl\u0101mu t\u012bkli izmanto t\u0101das tehnolo\u0123ijas k\u0101 s\u012bkfaili, JavaScript vai Web b\u0101kas, kas tiek izmantotas vi\u0146u attiec\u012bgaj\u0101s rekl\u0101m\u0101s un sait\u0113s, kas tiek r\u0101d\u012btas EOE Cars Sales Ireland, un tiek nos\u016bt\u012btas tie\u0161i lietot\u0101ju p\u0101rl\u016bkprogrammai. Kad tas notiek, vi\u0146i autom\u0101tiski sa\u0146em j\u016bsu IP adresi. \u0160\u012bs tehnolo\u0123ijas tiek izmantotas, lai nov\u0113rt\u0113tu vi\u0146u rekl\u0101mas kampa\u0146u efektivit\u0101ti un \/ vai personaliz\u0113tu rekl\u0101mas saturu, kuru redzat apmekl\u0113taj\u0101s vietn\u0113s.<\/p>\n<p>\u0145emiet v\u0113r\u0101, ka EOE Cars Sales Ireland nav piek\u013cuves \u0161iem s\u012bkfailiem un to kontrolei, kurus izmanto tre\u0161o pu\u0161u rekl\u0101mdev\u0113ji.<\/p>\n<h2>Tre\u0161\u0101s puses konfidencialit\u0101tes politika<\/h2>\n<p>EOE Cars Sales Ireland konfidencialit\u0101tes politika neattiecas uz citiem rekl\u0101mdev\u0113jiem vai vietn\u0113m. T\u0101d\u0113j\u0101di, lai ieg\u016btu s\u012bk\u0101ku inform\u0101ciju, m\u0113s iesak\u0101m iepaz\u012bties ar \u0161o tre\u0161o personu rekl\u0101mu serveru attiec\u012bgaj\u0101m konfidencialit\u0101tes politik\u0101m. Tas var ietvert vi\u0146u praksi un nor\u0101d\u012bjumus par to, k\u0101 atteikties no noteikt\u0101m iesp\u0113j\u0101m.<\/p>\n<p>Varat atsp\u0113jot s\u012bkfailus, izmantojot savas p\u0101rl\u016bka opcijas. Lai uzzin\u0101tu s\u012bk\u0101ku inform\u0101ciju par s\u012bkfailu p\u0101rvald\u012bbu, izmantojot noteiktus t\u012bmek\u013ca p\u0101rl\u016bkus, to var atrast attiec\u012bgaj\u0101s p\u0101rl\u016bkprogrammu vietn\u0113s. Kas ir s\u012bkdatnes?<\/p>\n<h2>Inform\u0101cija par b\u0113rniem<\/h2>\n<p>V\u0113l viena m\u016bsu priorit\u0101te ir b\u0113rnu aizsardz\u012bbas pievieno\u0161ana, izmantojot internetu. M\u0113s iesak\u0101m vec\u0101kiem un aizbild\u0146iem nov\u0113rot, piedal\u012bties un \/ vai uzraudz\u012bt un vad\u012bt vi\u0146u tie\u0161saistes aktivit\u0101tes.<\/p>\n<p>EOE Cars Sales Ireland neapzin\u0101ti neapkopo personu identific\u0113jo\u0161u inform\u0101ciju no b\u0113rniem, kas jaun\u0101ki par 13 gadiem. Ja dom\u0101jat, ka j\u016bsu b\u0113rns sniedza \u0161\u0101da veida inform\u0101ciju m\u016bsu vietn\u0113, iesak\u0101m nekav\u0113joties sazin\u0101ties ar mums, un m\u0113s to dar\u012bsim. m\u0113s cen\u0161amies nekav\u0113joties no\u0146emt \u0161\u0101du inform\u0101ciju no m\u016bsu dokumentiem.<\/p>\n<h2>Tikai tie\u0161saistes konfidencialit\u0101tes politika<\/h2>\n<p>\u0160\u012b konfidencialit\u0101tes politika attiecas tikai uz m\u016bsu tie\u0161saistes darb\u012bb\u0101m un ir der\u012bga m\u016bsu vietnes apmekl\u0113t\u0101jiem attiec\u012bb\u0101 uz inform\u0101ciju, kuru vi\u0146i kop\u012bgoja un \/ vai v\u0101ca EOE Cars Sales Ireland. \u0160\u012b politika nav piem\u0113rojama inform\u0101cijai, kas sav\u0101kta bezsaist\u0113 vai izmantojot kan\u0101lus, kas nav \u0161\u012b vietne.<\/p>\n<h2>Piekri\u0161ana<\/h2>\n<p>Izmantojot m\u016bsu vietni, j\u016bs ar \u0161o piekr\u012btat m\u016bsu konfidencialit\u0101tes politikai un piekr\u012btat t\u0101s noteikumiem un nosac\u012bjumiem.[\/vc_column_text][\/vc_column][\/vc_row]<\/p>","protected":false},"excerpt":{"rendered":"<p>[vc_row][vc_column][vc_column_text] EOE Cars konfidencialit\u0101tes politika EOE Cars Sales Ireland, kas pieejama vietn\u0113 https:\/\/eoecars.ie, viena no m\u016bsu galvenaj\u0101m priorit\u0101t\u0113m ir apmekl\u0113t\u0101ju priv\u0101tums. \u0160aj\u0101 konfidencialit\u0101tes politikas dokument\u0101 ir ietverti EOE Cars Sales Ireland apkopotie un re\u0123istr\u0113tie inform\u0101cijas veidi un veids, k\u0101 m\u0113s to izmantojam. Ja jums ir papildu jaut\u0101jumi vai nepiecie\u0161ama papildu&hellip; <\/p>\n<p class=\"link-more\"><a href=\"https:\/\/eoecars.ie\/lv\/privatuma-politika\/\" class=\"more-link\">Las\u012bt v\u0113l <span class=\"screen-reader-text\">Priv\u0101tuma Politika<\/span><\/a><\/p>\n","protected":false},"author":1,"featured_media":0,"parent":0,"menu_order":0,"comment_status":"closed","ping_status":"closed","template":"","meta":{"footnotes":""},"class_list":["post-116","page","type-page","status-publish","hentry"],"yoast_head":"<!-- This site is optimized with the Yoast SEO plugin v24.3 - https:\/\/yoast.com\/wordpress\/plugins\/seo\/ -->\n<title>Priv\u0101tuma Politika - EOE Cars - Import\u0113tas automa\u0161\u012bnas no Lielbrit\u0101nijas, Lietotu automa\u0161\u012bnu tirdzniec\u012bba \u012arij\u0101<\/title>\n<meta name=\"robots\" content=\"index, follow, max-snippet:-1, max-image-preview:large, max-video-preview:-1\" \/>\n<link rel=\"canonical\" href=\"https:\/\/eoecars.ie\/en\/privacy-policy\/\" \/>\n<meta property=\"og:locale\" content=\"lv_LV\" \/>\n<meta property=\"og:type\" content=\"article\" \/>\n<meta property=\"og:title\" content=\"Priv\u0101tuma Politika - EOE Cars - Import\u0113tas automa\u0161\u012bnas no Lielbrit\u0101nijas, Lietotu automa\u0161\u012bnu tirdzniec\u012bba \u012arij\u0101\" \/>\n<meta property=\"og:description\" content=\"[vc_row][vc_column][vc_column_text] EOE Cars konfidencialit\u0101tes politika EOE Cars Sales Ireland, kas pieejama vietn\u0113 https:\/\/eoecars.ie, viena no m\u016bsu galvenaj\u0101m priorit\u0101t\u0113m ir apmekl\u0113t\u0101ju priv\u0101tums. \u0160aj\u0101 konfidencialit\u0101tes politikas dokument\u0101 ir ietverti EOE Cars Sales Ireland apkopotie un re\u0123istr\u0113tie inform\u0101cijas veidi un veids, k\u0101 m\u0113s to izmantojam. Ja jums ir papildu jaut\u0101jumi vai nepiecie\u0161ama papildu&hellip; Las\u012bt v\u0113l Priv\u0101tuma Politika\" \/>\n<meta property=\"og:url\" content=\"https:\/\/eoecars.ie\/en\/privacy-policy\/\" \/>\n<meta property=\"og:site_name\" content=\"EOE Cars - Import\u0113tas automa\u0161\u012bnas no Lielbrit\u0101nijas, Lietotu automa\u0161\u012bnu tirdzniec\u012bba \u012arij\u0101\" \/>\n<meta property=\"article:publisher\" content=\"https:\/\/www.facebook.com\/eoecars\/\" \/>\n<meta property=\"article:modified_time\" content=\"2020-09-17T10:54:08+00:00\" \/>\n<meta name=\"twitter:card\" content=\"summary_large_image\" \/>\n<meta name=\"twitter:label1\" content=\"Est. reading time\" \/>\n\t<meta name=\"twitter:data1\" content=\"9 minutes\" \/>\n<script type=\"application\/ld+json\" class=\"yoast-schema-graph\">{\"@context\":\"https:\/\/schema.org\",\"@graph\":[{\"@type\":\"WebPage\",\"@id\":\"https:\/\/eoecars.ie\/en\/privacy-policy\/\",\"url\":\"https:\/\/eoecars.ie\/en\/privacy-policy\/\",\"name\":\"Priv\u0101tuma Politika - EOE Cars - Import\u0113tas automa\u0161\u012bnas no Lielbrit\u0101nijas, Lietotu automa\u0161\u012bnu tirdzniec\u012bba \u012arij\u0101\",\"isPartOf\":{\"@id\":\"https:\/\/eoecars.ie\/en\/#website\"},\"datePublished\":\"2020-09-17T10:41:46+00:00\",\"dateModified\":\"2020-09-17T10:54:08+00:00\",\"breadcrumb\":{\"@id\":\"https:\/\/eoecars.ie\/en\/privacy-policy\/#breadcrumb\"},\"inLanguage\":\"lv-LV\",\"potentialAction\":[{\"@type\":\"ReadAction\",\"target\":[\"https:\/\/eoecars.ie\/en\/privacy-policy\/\"]}]},{\"@type\":\"BreadcrumbList\",\"@id\":\"https:\/\/eoecars.ie\/en\/privacy-policy\/#breadcrumb\",\"itemListElement\":[{\"@type\":\"ListItem\",\"position\":1,\"name\":\"Home\",\"item\":\"https:\/\/eoecars.ie\/en\/\"},{\"@type\":\"ListItem\",\"position\":2,\"name\":\"Privacy Policy\"}]},{\"@type\":\"WebSite\",\"@id\":\"https:\/\/eoecars.ie\/en\/#website\",\"url\":\"https:\/\/eoecars.ie\/en\/\",\"name\":\"EOE Cars - Import\u0113tas automa\u0161\u012bnas no Lielbrit\u0101nijas, Lietotu automa\u0161\u012bnu tirdzniec\u012bba \u012arij\u0101\",\"description\":\"Lietotas automa\u0161\u012bnas \u012arija,Longford, Westmeath, Edworthtown\",\"publisher\":{\"@id\":\"https:\/\/eoecars.ie\/en\/#organization\"},\"potentialAction\":[{\"@type\":\"SearchAction\",\"target\":{\"@type\":\"EntryPoint\",\"urlTemplate\":\"https:\/\/eoecars.ie\/en\/?s={search_term_string}\"},\"query-input\":{\"@type\":\"PropertyValueSpecification\",\"valueRequired\":true,\"valueName\":\"search_term_string\"}}],\"inLanguage\":\"lv-LV\"},{\"@type\":\"Organization\",\"@id\":\"https:\/\/eoecars.ie\/en\/#organization\",\"name\":\"EOE Cars\",\"url\":\"https:\/\/eoecars.ie\/en\/\",\"logo\":{\"@type\":\"ImageObject\",\"inLanguage\":\"lv-LV\",\"@id\":\"https:\/\/eoecars.ie\/en\/#\/schema\/logo\/image\/\",\"url\":\"https:\/\/eoecars.ie\/wp-content\/uploads\/2020\/08\/logo_black-1.jpg\",\"contentUrl\":\"https:\/\/eoecars.ie\/wp-content\/uploads\/2020\/08\/logo_black-1.jpg\",\"width\":260,\"height\":80,\"caption\":\"EOE Cars\"},\"image\":{\"@id\":\"https:\/\/eoecars.ie\/en\/#\/schema\/logo\/image\/\"},\"sameAs\":[\"https:\/\/www.facebook.com\/eoecars\/\"]}]}<\/script>\n<!-- \/ Yoast SEO plugin. -->","yoast_head_json":{"title":"Priv\u0101tuma Politika - EOE Cars - Import\u0113tas automa\u0161\u012bnas no Lielbrit\u0101nijas, Lietotu automa\u0161\u012bnu tirdzniec\u012bba \u012arij\u0101","robots":{"index":"index","follow":"follow","max-snippet":"max-snippet:-1","max-image-preview":"max-image-preview:large","max-video-preview":"max-video-preview:-1"},"canonical":"https:\/\/eoecars.ie\/en\/privacy-policy\/","og_locale":"lv_LV","og_type":"article","og_title":"Priv\u0101tuma Politika - EOE Cars - Import\u0113tas automa\u0161\u012bnas no Lielbrit\u0101nijas, Lietotu automa\u0161\u012bnu tirdzniec\u012bba \u012arij\u0101","og_description":"[vc_row][vc_column][vc_column_text] EOE Cars konfidencialit\u0101tes politika EOE Cars Sales Ireland, kas pieejama vietn\u0113 https:\/\/eoecars.ie, viena no m\u016bsu galvenaj\u0101m priorit\u0101t\u0113m ir apmekl\u0113t\u0101ju priv\u0101tums. \u0160aj\u0101 konfidencialit\u0101tes politikas dokument\u0101 ir ietverti EOE Cars Sales Ireland apkopotie un re\u0123istr\u0113tie inform\u0101cijas veidi un veids, k\u0101 m\u0113s to izmantojam. Ja jums ir papildu jaut\u0101jumi vai nepiecie\u0161ama papildu&hellip; Las\u012bt v\u0113l Priv\u0101tuma Politika","og_url":"https:\/\/eoecars.ie\/en\/privacy-policy\/","og_site_name":"EOE Cars - Import\u0113tas automa\u0161\u012bnas no Lielbrit\u0101nijas, Lietotu automa\u0161\u012bnu tirdzniec\u012bba \u012arij\u0101","article_publisher":"https:\/\/www.facebook.com\/eoecars\/","article_modified_time":"2020-09-17T10:54:08+00:00","twitter_card":"summary_large_image","twitter_misc":{"Est. reading time":"9 minutes"},"schema":{"@context":"https:\/\/schema.org","@graph":[{"@type":"WebPage","@id":"https:\/\/eoecars.ie\/en\/privacy-policy\/","url":"https:\/\/eoecars.ie\/en\/privacy-policy\/","name":"Priv\u0101tuma Politika - EOE Cars - Import\u0113tas automa\u0161\u012bnas no Lielbrit\u0101nijas, Lietotu automa\u0161\u012bnu tirdzniec\u012bba \u012arij\u0101","isPartOf":{"@id":"https:\/\/eoecars.ie\/en\/#website"},"datePublished":"2020-09-17T10:41:46+00:00","dateModified":"2020-09-17T10:54:08+00:00","breadcrumb":{"@id":"https:\/\/eoecars.ie\/en\/privacy-policy\/#breadcrumb"},"inLanguage":"lv-LV","potentialAction":[{"@type":"ReadAction","target":["https:\/\/eoecars.ie\/en\/privacy-policy\/"]}]},{"@type":"BreadcrumbList","@id":"https:\/\/eoecars.ie\/en\/privacy-policy\/#breadcrumb","itemListElement":[{"@type":"ListItem","position":1,"name":"Home","item":"https:\/\/eoecars.ie\/en\/"},{"@type":"ListItem","position":2,"name":"Privacy Policy"}]},{"@type":"WebSite","@id":"https:\/\/eoecars.ie\/en\/#website","url":"https:\/\/eoecars.ie\/en\/","name":"EOE Cars - Import\u0113tas automa\u0161\u012bnas no Lielbrit\u0101nijas, Lietotu automa\u0161\u012bnu tirdzniec\u012bba \u012arij\u0101","description":"Lietotas automa\u0161\u012bnas \u012arija,Longford, Westmeath, Edworthtown","publisher":{"@id":"https:\/\/eoecars.ie\/en\/#organization"},"potentialAction":[{"@type":"SearchAction","target":{"@type":"EntryPoint","urlTemplate":"https:\/\/eoecars.ie\/en\/?s={search_term_string}"},"query-input":{"@type":"PropertyValueSpecification","valueRequired":true,"valueName":"search_term_string"}}],"inLanguage":"lv-LV"},{"@type":"Organization","@id":"https:\/\/eoecars.ie\/en\/#organization","name":"EOE Cars","url":"https:\/\/eoecars.ie\/en\/","logo":{"@type":"ImageObject","inLanguage":"lv-LV","@id":"https:\/\/eoecars.ie\/en\/#\/schema\/logo\/image\/","url":"https:\/\/eoecars.ie\/wp-content\/uploads\/2020\/08\/logo_black-1.jpg","contentUrl":"https:\/\/eoecars.ie\/wp-content\/uploads\/2020\/08\/logo_black-1.jpg","width":260,"height":80,"caption":"EOE Cars"},"image":{"@id":"https:\/\/eoecars.ie\/en\/#\/schema\/logo\/image\/"},"sameAs":["https:\/\/www.facebook.com\/eoecars\/"]}]}},"_links":{"self":[{"href":"https:\/\/eoecars.ie\/lv\/wp-json\/wp\/v2\/pages\/116","targetHints":{"allow":["GET"]}}],"collection":[{"href":"https:\/\/eoecars.ie\/lv\/wp-json\/wp\/v2\/pages"}],"about":[{"href":"https:\/\/eoecars.ie\/lv\/wp-json\/wp\/v2\/types\/page"}],"author":[{"embeddable":true,"href":"https:\/\/eoecars.ie\/lv\/wp-json\/wp\/v2\/users\/1"}],"replies":[{"embeddable":true,"href":"https:\/\/eoecars.ie\/lv\/wp-json\/wp\/v2\/comments?post=116"}],"version-history":[{"count":3,"href":"https:\/\/eoecars.ie\/lv\/wp-json\/wp\/v2\/pages\/116\/revisions"}],"predecessor-version":[{"id":123,"href":"https:\/\/eoecars.ie\/lv\/wp-json\/wp\/v2\/pages\/116\/revisions\/123"}],"wp:attachment":[{"href":"https:\/\/eoecars.ie\/lv\/wp-json\/wp\/v2\/media?parent=116"}],"curies":[{"name":"wp","href":"https:\/\/api.w.org\/{rel}","templated":true}]}}