{"id":32,"date":"2020-08-10T16:50:45","date_gmt":"2020-08-10T16:50:45","guid":{"rendered":"https:\/\/eoecars.ie\/en\/?page_id=32"},"modified":"2020-10-04T11:04:32","modified_gmt":"2020-10-04T11:04:32","slug":"contact-us","status":"publish","type":"page","link":"https:\/\/eoecars.ie\/lv\/kontakti\/","title":{"rendered":"Kontakti"},"content":{"rendered":"<p>[vc_row][vc_column][vc_column_text]<\/p>\n<h2>Vai jums ir jaut\u0101jums? Uzraksti mums!<\/h2>\n<p>[\/vc_column_text]\n<div class=\"wpcf7 no-js\" id=\"wpcf7-f4-o2\" lang=\"en-US\" dir=\"ltr\" data-wpcf7-id=\"4\">\n<div class=\"screen-reader-response\"><p role=\"status\" aria-live=\"polite\" aria-atomic=\"true\"><\/p> <ul><\/ul><\/div>\n<form action=\"\/lv\/wp-json\/wp\/v2\/pages\/32#wpcf7-f4-o2\" method=\"post\" class=\"wpcf7-form init\" aria-label=\"Contact form\" novalidate=\"novalidate\" data-status=\"init\">\n<fieldset class=\"hidden-fields-container\"><input type=\"hidden\" name=\"_wpcf7\" value=\"4\" \/><input type=\"hidden\" name=\"_wpcf7_version\" value=\"6.1.5\" \/><input type=\"hidden\" name=\"_wpcf7_locale\" value=\"en_US\" \/><input type=\"hidden\" name=\"_wpcf7_unit_tag\" value=\"wpcf7-f4-o2\" \/><input type=\"hidden\" name=\"_wpcf7_container_post\" value=\"0\" \/><input type=\"hidden\" name=\"_wpcf7_posted_data_hash\" value=\"\" \/><input type=\"hidden\" name=\"_wpcf7_recaptcha_response\" value=\"\" \/>\n<\/fieldset>\n<div class=\"grid col-460\">\n\t<p><span class=\"wpcf7-form-control-wrap\" data-name=\"your-name\"><input size=\"40\" maxlength=\"400\" class=\"wpcf7-form-control wpcf7-text wpcf7-validates-as-required\" aria-required=\"true\" aria-invalid=\"false\" placeholder=\"J\u016bsu v\u0101rds (oblig\u0101ts)\" value=\"\" type=\"text\" name=\"your-name\" \/><\/span>\n\t<\/p>\n<\/div>\n<div class=\"grid col-460 fit\">\n\t<p><span class=\"wpcf7-form-control-wrap\" data-name=\"your-surname\"><input size=\"40\" maxlength=\"400\" class=\"wpcf7-form-control wpcf7-text wpcf7-validates-as-required\" aria-required=\"true\" aria-invalid=\"false\" placeholder=\"J\u016bsu uzv\u0101rds (oblig\u0101ts)\" value=\"\" type=\"text\" name=\"your-surname\" \/><\/span>\n\t<\/p>\n<\/div>\n<div class=\"grid col-460\">\n\t<p><span class=\"wpcf7-form-control-wrap\" data-name=\"your-phone\"><input size=\"40\" maxlength=\"400\" class=\"wpcf7-form-control wpcf7-tel wpcf7-validates-as-required wpcf7-text wpcf7-validates-as-tel\" aria-required=\"true\" aria-invalid=\"false\" placeholder=\"J\u016bsu t\u0101lrunis (oblig\u0101ts)\" value=\"\" type=\"tel\" name=\"your-phone\" \/><\/span>\n\t<\/p>\n<\/div>\n<div class=\"grid col-460 fit\">\n\t<p><span class=\"wpcf7-form-control-wrap\" data-name=\"your-email\"><input size=\"40\" maxlength=\"400\" class=\"wpcf7-form-control wpcf7-email wpcf7-validates-as-required wpcf7-text wpcf7-validates-as-email\" aria-required=\"true\" aria-invalid=\"false\" placeholder=\"J\u016bsu E-pasts (oblig\u0101ts)\" value=\"\" type=\"email\" name=\"your-email\" \/><\/span>\n\t<\/p>\n<\/div>\n<div class=\"grid col-940 fit\">\n\t<p><span class=\"wpcf7-form-control-wrap\" data-name=\"your-message\"><textarea cols=\"40\" rows=\"10\" maxlength=\"2000\" class=\"wpcf7-form-control wpcf7-textarea wpcf7-validates-as-required\" aria-required=\"true\" aria-invalid=\"false\" placeholder=\"J\u016bsu zi\u0146a (oblig\u0101ts)\" name=\"your-message\"><\/textarea><\/span>\n\t<\/p>\n<\/div>\n<p><span class=\"wpcf7-form-control-wrap\" data-name=\"acceptance\"><span class=\"wpcf7-form-control wpcf7-acceptance\"><span class=\"wpcf7-list-item\"><label><input type=\"checkbox\" name=\"acceptance\" value=\"1\" aria-invalid=\"false\" \/><span class=\"wpcf7-list-item-label\">Es apstiprinu datu apstr\u0101di. <a href=\"\/lv\/noteikumi\/\" target=\"_blank\">Noteikumi<\/a>.<\/span><\/label><\/span><\/span><\/span>\n<\/p>\n<p><input class=\"wpcf7-form-control wpcf7-submit has-spinner\" type=\"submit\" value=\"S\u016bt\u012bt\" \/>\n<\/p><div class=\"wpcf7-response-output\" aria-hidden=\"true\"><\/div>\n<\/form>\n<\/div>\n[vc_separator][\/vc_column][\/vc_row]<\/p>","protected":false},"excerpt":{"rendered":"<p>[vc_row][vc_column][vc_column_text] Vai jums ir jaut\u0101jums? Uzraksti mums! [\/vc_column_text][vc_separator][\/vc_column][\/vc_row]<\/p>\n","protected":false},"author":1,"featured_media":0,"parent":0,"menu_order":0,"comment_status":"closed","ping_status":"closed","template":"","meta":{"footnotes":""},"class_list":["post-32","page","type-page","status-publish","hentry"],"yoast_head":"<!-- This site is optimized with the Yoast SEO plugin v24.3 - https:\/\/yoast.com\/wordpress\/plugins\/seo\/ -->\n<title>Kontakti - EOE Cars - Import\u0113tas automa\u0161\u012bnas no Lielbrit\u0101nijas, Lietotu automa\u0161\u012bnu tirdzniec\u012bba \u012arij\u0101<\/title>\n<meta name=\"robots\" content=\"index, follow, max-snippet:-1, max-image-preview:large, max-video-preview:-1\" \/>\n<link rel=\"canonical\" href=\"https:\/\/eoecars.ie\/en\/contact-us\/\" \/>\n<meta property=\"og:locale\" content=\"lv_LV\" \/>\n<meta property=\"og:type\" content=\"article\" \/>\n<meta property=\"og:title\" content=\"Kontakti - EOE Cars - Import\u0113tas automa\u0161\u012bnas no Lielbrit\u0101nijas, Lietotu automa\u0161\u012bnu tirdzniec\u012bba \u012arij\u0101\" \/>\n<meta property=\"og:description\" content=\"[vc_row][vc_column][vc_column_text] Vai jums ir jaut\u0101jums? Uzraksti mums! [\/vc_column_text][vc_separator][\/vc_column][\/vc_row]\" \/>\n<meta property=\"og:url\" content=\"https:\/\/eoecars.ie\/en\/contact-us\/\" \/>\n<meta property=\"og:site_name\" content=\"EOE Cars - Import\u0113tas automa\u0161\u012bnas no Lielbrit\u0101nijas, Lietotu automa\u0161\u012bnu tirdzniec\u012bba \u012arij\u0101\" \/>\n<meta property=\"article:publisher\" content=\"https:\/\/www.facebook.com\/eoecars\/\" \/>\n<meta property=\"article:modified_time\" content=\"2020-10-04T11:04:32+00:00\" \/>\n<meta name=\"twitter:card\" content=\"summary_large_image\" \/>\n<script type=\"application\/ld+json\" class=\"yoast-schema-graph\">{\"@context\":\"https:\/\/schema.org\",\"@graph\":[{\"@type\":\"WebPage\",\"@id\":\"https:\/\/eoecars.ie\/en\/contact-us\/\",\"url\":\"https:\/\/eoecars.ie\/en\/contact-us\/\",\"name\":\"Kontakti - EOE Cars - Import\u0113tas automa\u0161\u012bnas no Lielbrit\u0101nijas, Lietotu automa\u0161\u012bnu tirdzniec\u012bba \u012arij\u0101\",\"isPartOf\":{\"@id\":\"https:\/\/eoecars.ie\/en\/#website\"},\"datePublished\":\"2020-08-10T16:50:45+00:00\",\"dateModified\":\"2020-10-04T11:04:32+00:00\",\"breadcrumb\":{\"@id\":\"https:\/\/eoecars.ie\/en\/contact-us\/#breadcrumb\"},\"inLanguage\":\"lv-LV\",\"potentialAction\":[{\"@type\":\"ReadAction\",\"target\":[\"https:\/\/eoecars.ie\/en\/contact-us\/\"]}]},{\"@type\":\"BreadcrumbList\",\"@id\":\"https:\/\/eoecars.ie\/en\/contact-us\/#breadcrumb\",\"itemListElement\":[{\"@type\":\"ListItem\",\"position\":1,\"name\":\"Home\",\"item\":\"https:\/\/eoecars.ie\/en\/\"},{\"@type\":\"ListItem\",\"position\":2,\"name\":\"Contact Us\"}]},{\"@type\":\"WebSite\",\"@id\":\"https:\/\/eoecars.ie\/en\/#website\",\"url\":\"https:\/\/eoecars.ie\/en\/\",\"name\":\"EOE Cars - Import\u0113tas automa\u0161\u012bnas no Lielbrit\u0101nijas, Lietotu automa\u0161\u012bnu tirdzniec\u012bba \u012arij\u0101\",\"description\":\"Lietotas automa\u0161\u012bnas \u012arija,Longford, Westmeath, Edworthtown\",\"publisher\":{\"@id\":\"https:\/\/eoecars.ie\/en\/#organization\"},\"potentialAction\":[{\"@type\":\"SearchAction\",\"target\":{\"@type\":\"EntryPoint\",\"urlTemplate\":\"https:\/\/eoecars.ie\/en\/?s={search_term_string}\"},\"query-input\":{\"@type\":\"PropertyValueSpecification\",\"valueRequired\":true,\"valueName\":\"search_term_string\"}}],\"inLanguage\":\"lv-LV\"},{\"@type\":\"Organization\",\"@id\":\"https:\/\/eoecars.ie\/en\/#organization\",\"name\":\"EOE Cars\",\"url\":\"https:\/\/eoecars.ie\/en\/\",\"logo\":{\"@type\":\"ImageObject\",\"inLanguage\":\"lv-LV\",\"@id\":\"https:\/\/eoecars.ie\/en\/#\/schema\/logo\/image\/\",\"url\":\"https:\/\/eoecars.ie\/wp-content\/uploads\/2020\/08\/logo_black-1.jpg\",\"contentUrl\":\"https:\/\/eoecars.ie\/wp-content\/uploads\/2020\/08\/logo_black-1.jpg\",\"width\":260,\"height\":80,\"caption\":\"EOE Cars\"},\"image\":{\"@id\":\"https:\/\/eoecars.ie\/en\/#\/schema\/logo\/image\/\"},\"sameAs\":[\"https:\/\/www.facebook.com\/eoecars\/\"]}]}<\/script>\n<!-- \/ Yoast SEO plugin. -->","yoast_head_json":{"title":"Kontakti - EOE Cars - Import\u0113tas automa\u0161\u012bnas no Lielbrit\u0101nijas, Lietotu automa\u0161\u012bnu tirdzniec\u012bba \u012arij\u0101","robots":{"index":"index","follow":"follow","max-snippet":"max-snippet:-1","max-image-preview":"max-image-preview:large","max-video-preview":"max-video-preview:-1"},"canonical":"https:\/\/eoecars.ie\/en\/contact-us\/","og_locale":"lv_LV","og_type":"article","og_title":"Kontakti - EOE Cars - Import\u0113tas automa\u0161\u012bnas no Lielbrit\u0101nijas, Lietotu automa\u0161\u012bnu tirdzniec\u012bba \u012arij\u0101","og_description":"[vc_row][vc_column][vc_column_text] Vai jums ir jaut\u0101jums? Uzraksti mums! [\/vc_column_text][vc_separator][\/vc_column][\/vc_row]","og_url":"https:\/\/eoecars.ie\/en\/contact-us\/","og_site_name":"EOE Cars - Import\u0113tas automa\u0161\u012bnas no Lielbrit\u0101nijas, Lietotu automa\u0161\u012bnu tirdzniec\u012bba \u012arij\u0101","article_publisher":"https:\/\/www.facebook.com\/eoecars\/","article_modified_time":"2020-10-04T11:04:32+00:00","twitter_card":"summary_large_image","schema":{"@context":"https:\/\/schema.org","@graph":[{"@type":"WebPage","@id":"https:\/\/eoecars.ie\/en\/contact-us\/","url":"https:\/\/eoecars.ie\/en\/contact-us\/","name":"Kontakti - EOE Cars - Import\u0113tas automa\u0161\u012bnas no Lielbrit\u0101nijas, Lietotu automa\u0161\u012bnu tirdzniec\u012bba \u012arij\u0101","isPartOf":{"@id":"https:\/\/eoecars.ie\/en\/#website"},"datePublished":"2020-08-10T16:50:45+00:00","dateModified":"2020-10-04T11:04:32+00:00","breadcrumb":{"@id":"https:\/\/eoecars.ie\/en\/contact-us\/#breadcrumb"},"inLanguage":"lv-LV","potentialAction":[{"@type":"ReadAction","target":["https:\/\/eoecars.ie\/en\/contact-us\/"]}]},{"@type":"BreadcrumbList","@id":"https:\/\/eoecars.ie\/en\/contact-us\/#breadcrumb","itemListElement":[{"@type":"ListItem","position":1,"name":"Home","item":"https:\/\/eoecars.ie\/en\/"},{"@type":"ListItem","position":2,"name":"Contact Us"}]},{"@type":"WebSite","@id":"https:\/\/eoecars.ie\/en\/#website","url":"https:\/\/eoecars.ie\/en\/","name":"EOE Cars - Import\u0113tas automa\u0161\u012bnas no Lielbrit\u0101nijas, Lietotu automa\u0161\u012bnu tirdzniec\u012bba \u012arij\u0101","description":"Lietotas automa\u0161\u012bnas \u012arija,Longford, Westmeath, Edworthtown","publisher":{"@id":"https:\/\/eoecars.ie\/en\/#organization"},"potentialAction":[{"@type":"SearchAction","target":{"@type":"EntryPoint","urlTemplate":"https:\/\/eoecars.ie\/en\/?s={search_term_string}"},"query-input":{"@type":"PropertyValueSpecification","valueRequired":true,"valueName":"search_term_string"}}],"inLanguage":"lv-LV"},{"@type":"Organization","@id":"https:\/\/eoecars.ie\/en\/#organization","name":"EOE Cars","url":"https:\/\/eoecars.ie\/en\/","logo":{"@type":"ImageObject","inLanguage":"lv-LV","@id":"https:\/\/eoecars.ie\/en\/#\/schema\/logo\/image\/","url":"https:\/\/eoecars.ie\/wp-content\/uploads\/2020\/08\/logo_black-1.jpg","contentUrl":"https:\/\/eoecars.ie\/wp-content\/uploads\/2020\/08\/logo_black-1.jpg","width":260,"height":80,"caption":"EOE Cars"},"image":{"@id":"https:\/\/eoecars.ie\/en\/#\/schema\/logo\/image\/"},"sameAs":["https:\/\/www.facebook.com\/eoecars\/"]}]}},"_links":{"self":[{"href":"https:\/\/eoecars.ie\/lv\/wp-json\/wp\/v2\/pages\/32","targetHints":{"allow":["GET"]}}],"collection":[{"href":"https:\/\/eoecars.ie\/lv\/wp-json\/wp\/v2\/pages"}],"about":[{"href":"https:\/\/eoecars.ie\/lv\/wp-json\/wp\/v2\/types\/page"}],"author":[{"embeddable":true,"href":"https:\/\/eoecars.ie\/lv\/wp-json\/wp\/v2\/users\/1"}],"replies":[{"embeddable":true,"href":"https:\/\/eoecars.ie\/lv\/wp-json\/wp\/v2\/comments?post=32"}],"version-history":[{"count":6,"href":"https:\/\/eoecars.ie\/lv\/wp-json\/wp\/v2\/pages\/32\/revisions"}],"predecessor-version":[{"id":379,"href":"https:\/\/eoecars.ie\/lv\/wp-json\/wp\/v2\/pages\/32\/revisions\/379"}],"wp:attachment":[{"href":"https:\/\/eoecars.ie\/lv\/wp-json\/wp\/v2\/media?parent=32"}],"curies":[{"name":"wp","href":"https:\/\/api.w.org\/{rel}","templated":true}]}}